{"id":614,"date":"2025-05-09T11:07:45","date_gmt":"2025-05-09T11:07:45","guid":{"rendered":"https:\/\/reuzado.nl\/?page_id=614"},"modified":"2026-02-17T10:52:33","modified_gmt":"2026-02-17T10:52:33","slug":"destruction-des-donnees-sur-site","status":"publish","type":"page","link":"https:\/\/reuzado.nl\/fr\/services-de-solutions\/approvisionnement-en-tic\/destruction-des-donnees-sur-site\/","title":{"rendered":"Destruction des donn\u00e9es sur site"},"content":{"rendered":"<div  class=\"section section-pageheader-detail  has-no-bg has-no-pattern\">\n        <div class=\"container\">\n            <div class=\"holder\">\n                                    <div class=\"background-image\">\n                        <img decoding=\"async\" src=\"https:\/\/reuzado.nl\/app\/uploads\/2025\/06\/Reuzado-9143-scaled.jpg\" alt=\"destruction des donn\u00e9es sur site\">\n                    <\/div>\n                \n                                    <div class=\"content\">\n                        <h1>Destruction des donn\u00e9es sur site<\/h1>\n\n                                                    <div class=\"rank-math-breadcrumbs\">\n                                <nav aria-label=\"chapelure\" class=\"rank-math-breadcrumb\"><p><span class=\"last\">Accueil<\/span><\/p><\/nav>                            <\/div>\n                                            <\/div>\n                \n                            <\/div>\n        <\/div>\n    <\/div>\n\n\n        <div  class=\"section section-content has-no-padding-bottom-d has-no-padding-bottom-m has-no-bg has-no-pattern\">\n                        <div class=\"container\">\n                <div class=\"content-holder\">\n                    <div class=\"content\">\n                        <div class=\"inner\">\n                            <p>Vous ne voulez pas que des donn\u00e9es confidentielles tra\u00eenent dans la nature. C'est pourquoi Reuzado propose une destruction professionnelle de donn\u00e9es sur site. Nous venons chez vous avec notre broyeur mobile et d\u00e9truisons les disques durs, les SSD et autres supports de donn\u00e9es sur place, sous votre supervision. Vous avez ainsi l'assurance que les informations sensibles ne quittent jamais votre organisation et que vous \u00eates en parfaite conformit\u00e9 avec la loi AVG et d'autres l\u00e9gislations relatives \u00e0 la protection de la vie priv\u00e9e.<\/p>\n                                                                                                <div class=\"button-holder\">\n                                                                                    <a href=\"https:\/\/reuzado.nl\/fr\/cotation\/destruction-des-donnees-2\/\"\n                                                target=\"_self\"\n                                                class=\"button\">Demande de devis<\/a>\n                                                                                                                            <a href=\"https:\/\/reuzado.nl\/fr\/contact\/\"\n                                                target=\"_self\"\n                                                class=\"button alt\">Prendre contact<\/a>\n                                                                                                                    <\/div>\n                                                                                    <\/div>\n                    <\/div>\n                <\/div>\n            <\/div>\n        <\/div>\n\n    \n\n\n    <div         class=\"section section-image-content  has-no-padding-bottom-d has-no-padding-bottom-m has-no-bg has-no-pattern\">\n        <div class=\"holder\">\n            <div class=\"image-holder\">\n                                        <div class=\"column\">\n                            <div class=\"image-wrapper\">\n                                <img decoding=\"async\" src=\"https:\/\/reuzado.nl\/app\/uploads\/2025\/09\/Reuzado-hoge-resolutie-JudithCapponFotografie-9143.jpg\" alt=\"camion broyeur\">\n                            <\/div>\n                        <\/div>\n                                                                <div class=\"column\">\n                                                            <div class=\"image-wrapper\">\n                                    <img decoding=\"async\" src=\"https:\/\/reuzado.nl\/app\/uploads\/2025\/09\/Reuzado-hoge-resolutie-JudithCapponFotografie-9570.jpg\" alt=\"\">\n                                <\/div>\n                                                                                        <div class=\"image-wrapper\">\n                                    <img decoding=\"async\" src=\"https:\/\/reuzado.nl\/app\/uploads\/2025\/09\/Reuzado-hoge-resolutie-JudithCapponFotografie-7830.jpg\" alt=\"\">\n                                <\/div>\n                                                    <\/div>\n                                                                <div class=\"column\">\n                            <div class=\"image-wrapper\">\n                                <img decoding=\"async\" src=\"https:\/\/reuzado.nl\/app\/uploads\/2025\/09\/Reuzado-hoge-resolutie-JudithCapponFotografie-9564.jpg\" alt=\"destruction des donn\u00e9es\">\n                            <\/div>\n                            <div class=\"image-wrapper is-blue\"><\/div>\n                        <\/div>\n                                                <\/div>\n            <div class=\"image-holder-mobile\">\n                                        <div class=\"column\">\n                            <div class=\"image-wrapper\">\n                                <img decoding=\"async\" src=\"https:\/\/reuzado.nl\/app\/uploads\/2025\/09\/Reuzado-hoge-resolutie-JudithCapponFotografie-9143.jpg\" alt=\"camion broyeur\">\n                            <\/div>\n                        <\/div>\n                                                                <div class=\"column\">\n                                                            <div class=\"image-wrapper\">\n                                    <img decoding=\"async\" src=\"https:\/\/reuzado.nl\/app\/uploads\/2025\/09\/Reuzado-hoge-resolutie-JudithCapponFotografie-9570.jpg\" alt=\"\">\n                                <\/div>\n                                                                                        <div class=\"image-wrapper\">\n                                    <img decoding=\"async\" src=\"https:\/\/reuzado.nl\/app\/uploads\/2025\/09\/Reuzado-hoge-resolutie-JudithCapponFotografie-7830.jpg\" alt=\"\">\n                                <\/div>\n                                                    <\/div>\n                                                                <div class=\"column\">\n                            <div class=\"image-wrapper\">\n                                <img decoding=\"async\" src=\"https:\/\/reuzado.nl\/app\/uploads\/2025\/09\/Reuzado-hoge-resolutie-JudithCapponFotografie-9564.jpg\" alt=\"destruction des donn\u00e9es\">\n                            <\/div>\n                            <div class=\"image-wrapper is-blue\"><\/div>\n                        <\/div>\n                                                <\/div>\n            <div class=\"content-holder\">\n                <div class=\"inner\">\n                                            <h2>Destruction des donn\u00e9es sur site : comment faire ?<\/h2>\n<p>Dans le cadre de ce service, nous nous rendons physiquement sur place avec une unit\u00e9 de d\u00e9chiquetage sp\u00e9cialement \u00e9quip\u00e9e. Nos collaborateurs retirent les supports de donn\u00e9es des unit\u00e9s, les enregistrent proprement et veillent \u00e0 ce que tous les disques ou supports de stockage soient imm\u00e9diatement d\u00e9truits. Tout se passe chez vous, de mani\u00e8re transparente, s\u00fbre et parfaitement d\u00e9montrable.<\/p>\n<p>Vous recevrez par la suite un certificat officiel de destruction des donn\u00e9es, avec les num\u00e9ros de s\u00e9rie et la date, que vous pourrez conserver dans vos archives internes et pour les audits.<\/p>\n<ol>\n<li><strong>Prise de rendez-vous <\/strong><br \/>\nVous nous contactez et nous fixons un rendez-vous \u00e0 votre convenance.<\/li>\n<li><strong>Destruction sur place<\/strong><br \/>\nNotre personnel se rendra chez vous avec la d\u00e9chiqueteuse mobile. Les supports de donn\u00e9es sont d\u00e9truits sur place.<\/li>\n<li><strong>Certificat et aper\u00e7u<\/strong><br \/>\nVous recevrez ensuite un aper\u00e7u complet des supports d\u00e9truits, y compris les num\u00e9ros de s\u00e9rie et la date.<\/li>\n<\/ol>\n                    \n                                    <\/div>\n            <\/div>\n        <\/div>\n    <\/div>\n\n\n        <div  class=\"section section-content has-bg-lightblue has-no-pattern\">\n                        <div class=\"container\">\n                <div class=\"content-holder\">\n                    <div class=\"content\">\n                        <div class=\"inner\">\n                            <h2>Quels supports de donn\u00e9es pouvons-nous d\u00e9truire sur place ?<\/h2>\n<p>Nous pouvons d\u00e9truire professionnellement et en toute s\u00e9curit\u00e9 presque tous les types de supports de donn\u00e9es sur place. Pensez aux disques durs traditionnels (HDD), aux SSD modernes, aux bandes de sauvegarde, aux cl\u00e9s USB, aux disques NAS, mais aussi aux smartphones, aux tablettes, aux ordinateurs portables et aux serveurs avec stockage interne. Qu'il s'agisse de quelques pi\u00e8ces ou d'un lot complet, notre broyeur mobile est \u00e9quip\u00e9 pour d\u00e9truire instantan\u00e9ment et irr\u00e9m\u00e9diablement ce type de support. Vous n'\u00eates pas s\u00fbr qu'un type de support particulier soit adapt\u00e9 ? N'h\u00e9sitez pas \u00e0 nous contacter - nous nous ferons un plaisir de r\u00e9fl\u00e9chir avec vous.<\/p>\n                                                                                                                <\/div>\n                    <\/div>\n                <\/div>\n            <\/div>\n        <\/div>\n\n    \n\n        <div  class=\"section section-content two-columns has-no-padding-bottom-d has-no-padding-bottom-m has-no-bg has-no-pattern\">\n            <div class=\"container\">\n                <div class=\"content-holder\">\n                                            <div class=\"column\">\n                            <div class=\"content\">\n                                <h3>\u00c0 qui s'adresse ce service ?<\/h3>\n<p>La destruction de donn\u00e9es sur site est particuli\u00e8rement adapt\u00e9e aux organisations qui ne veulent prendre aucun risque lorsqu'il s'agit d'informations confidentielles. Les agences gouvernementales, les organisations de soins de sant\u00e9 et les prestataires de services financiers y ont souvent recours en raison de la nature sensible de leurs donn\u00e9es. Les services informatiques qui souhaitent se d\u00e9barrasser de leur ancien mat\u00e9riel en toute s\u00e9curit\u00e9 choisissent aussi r\u00e9guli\u00e8rement cette option, tout comme les entreprises qui veulent garder un contr\u00f4le total sur ce qu'il advient de leurs supports de donn\u00e9es.<\/p>\n                            <\/div>\n                        <\/div>\n                                        <div class=\"column\">\n                        <div class=\"content\">\n                            <h3>Recyclage responsable des disques durs d\u00e9truits et des d\u00e9chets informatiques<\/h3>\n<p>Apr\u00e8s la destruction des donn\u00e9es, nous veillons \u00e0 ce que tout soit bien rang\u00e9. Nous emportons les disques durs et autres supports de donn\u00e9es d\u00e9truits afin qu'ils puissent \u00eatre recycl\u00e9s conform\u00e9ment aux directives. M\u00eame si les supports de donn\u00e9es se trouvent encore dans des syst\u00e8mes, nous les enlevons pour vous et les emportons. En outre, nous \u00e9liminons de mani\u00e8re responsable tous les \u00e9quipements informatiques et p\u00e9riph\u00e9riques qui ne sont plus utilis\u00e9s. Gr\u00e2ce \u00e0 notre <a href=\"https:\/\/www.weeelabex.org\/\" target=\"_blank\" rel=\"noopener\">WEEELABEX<\/a>-vous avez l'assurance d'un recyclage conforme aux normes environnementales et aux exigences l\u00e9gales les plus strictes.<\/p>\n                                                    <\/div>\n                    <\/div>\n                <\/div>\n            <\/div>\n        <\/div>\n\n    \n\n    <div  class=\"section section-image-card has-no-padding-bottom-d has-no-padding-bottom-m has-no-bg has-no-pattern\">\n        \n        <div class=\"container\">\n            <div class=\"card-holder\">\n                                    <div class=\"content-holder\">\n                        <div class=\"inner\">\n                            <h4>Les avantages de la destruction de donn\u00e9es sur site<\/h4>\n<ul>\n<li><strong>Contr\u00f4le total<\/strong>les donn\u00e9es sont d\u00e9truites : vous voyez de vos propres yeux que les donn\u00e9es sont d\u00e9truites<\/li>\n<li><strong>Pas de risques li\u00e9s au transport<\/strong>: rien ne doit sortir de l'enceinte de l'entreprise<\/li>\n<li><strong>Convient pour les audits<\/strong>Le rapport d'activit\u00e9 : y compris le certificat et le rapport<\/li>\n<li><strong>Traitement professionnel<\/strong>par du personnel form\u00e9<\/li>\n<li><strong>Prot\u00e9g\u00e9 par AVG<\/strong>Les donn\u00e9es de l'enqu\u00eate sur la s\u00e9curit\u00e9 des donn\u00e9es : r\u00e9pondent \u00e0 toutes les exigences en mati\u00e8re de s\u00e9curit\u00e9 de la d\u00e9charge des donn\u00e9es<\/li>\n<\/ul>\n                                                    <\/div>\n                    <\/div>\n                \n                                    <div class=\"image-wrapper\">\n                        <div class=\"image-holder\">\n                            <img decoding=\"async\" src=\"https:\/\/reuzado.nl\/app\/uploads\/2025\/06\/Reuzado-9124-scaled.jpg\" alt=\"\">\n                        <\/div>\n                    <\/div>\n                            <\/div>\n        <\/div>\n    <\/div>\n\n\n    <div  class=\"section section-faq is-default has-no-bg has-no-pattern\">\n        \n        <div class=\"container\">\n                        <div class=\"faq-wrapper\">\n                <div class=\"faq\">\n                                                                        <div class=\"faq-title\">\n                                <h2>Questions fr\u00e9quemment pos\u00e9es sur la destruction de donn\u00e9es sur site<\/h2>\n                            <\/div>\n                                            \n                                            <div class=\"faq-items-wrapper\">\n                                                            <div class=\"faq-item\">\n                                    <div class=\"faq-heading toggle-heading\">\n                                        <h3>Qu'est-ce que la destruction de donn\u00e9es sur site ?<\/h3>\n                                        <i class=\"icon opened\"><\/i>\n                                    <\/div>\n                                    <div class=\"faq-body toggle-body is-opened\">\n                                        <p>La destruction de donn\u00e9es sur site signifie que nous venons chez vous pour d\u00e9truire les disques durs et autres \u00e9quipements informatiques directement sur place. Vous ne devez donc rien transporter et gardez le contr\u00f4le total du processus.<\/p>\n                                    <\/div>\n                                <\/div>\n                                                            <div class=\"faq-item\">\n                                    <div class=\"faq-heading toggle-heading\">\n                                        <h3>Pourquoi d\u00e9truire un disque dur sur site ?<\/h3>\n                                        <i class=\"icon closed\"><\/i>\n                                    <\/div>\n                                    <div class=\"faq-body toggle-body hidden\">\n                                        <p>La destruction de disques durs sur site est le choix le plus s\u00fbr si vous ne voulez pas prendre de risques avec des donn\u00e9es confidentielles. Comme tout se passe dans vos locaux, vous \u00e9vitez les fuites de donn\u00e9es pendant le transport.<\/p>\n                                    <\/div>\n                                <\/div>\n                                                            <div class=\"faq-item\">\n                                    <div class=\"faq-heading toggle-heading\">\n                                        <h3>Quel mat\u00e9riel informatique pouvez-vous g\u00e9rer sur place ?<\/h3>\n                                        <i class=\"icon closed\"><\/i>\n                                    <\/div>\n                                    <div class=\"faq-body toggle-body hidden\">\n                                        <p>Nous d\u00e9truisons les disques durs (HDD et SSD), les bandes de sauvegarde, les cl\u00e9s USB, les ordinateurs portables, les serveurs et autres supports de stockage, entre autres. Vous avez des doutes ? N'h\u00e9sitez pas \u00e0 nous contacter.<\/p>\n                                    <\/div>\n                                <\/div>\n                                                            <div class=\"faq-item\">\n                                    <div class=\"faq-heading toggle-heading\">\n                                        <h3>Dois-je obtenir un certificat de destruction des donn\u00e9es ?<\/h3>\n                                        <i class=\"icon closed\"><\/i>\n                                    <\/div>\n                                    <div class=\"faq-body toggle-body hidden\">\n                                        <p>Oui, vous recevrez par la suite un certificat officiel de destruction des donn\u00e9es, avec les num\u00e9ros de s\u00e9rie et la date. Vous \u00eates ainsi en conformit\u00e9 avec la loi sur la protection des donn\u00e9es et vous pouvez le prouver en interne ou lors d'audits.<\/p>\n                                    <\/div>\n                                <\/div>\n                                                            <div class=\"faq-item\">\n                                    <div class=\"faq-heading toggle-heading\">\n                                        <h3>Quand pouvez-vous venir ?<\/h3>\n                                        <i class=\"icon closed\"><\/i>\n                                    <\/div>\n                                    <div class=\"faq-body toggle-body hidden\">\n                                        <p>G\u00e9n\u00e9ralement dans un d\u00e9lai de quelques jours ouvrables. Pour les cas urgents, nous sommes heureux de voir ce qu'il est possible de faire.<\/p>\n                                    <\/div>\n                                <\/div>\n                                                            <div class=\"faq-item\">\n                                    <div class=\"faq-heading toggle-heading\">\n                                        <h3>Quel est le co\u00fbt de la destruction de donn\u00e9es sur site ?<\/h3>\n                                        <i class=\"icon closed\"><\/i>\n                                    <\/div>\n                                    <div class=\"faq-body toggle-body hidden\">\n                                        <p>Le co\u00fbt d\u00e9pend du nombre de supports de donn\u00e9es et de votre localisation. Demandez un devis sans engagement pour obtenir une proposition de prix claire.<\/p>\n                                    <\/div>\n                                <\/div>\n                                                    <\/div>\n                                    <\/div>\n            <\/div>\n        <\/div>\n    <\/div>\n\n\n    <div  class=\"section section-cta has-small-image has-no-padding-bottom-d has-no-padding-bottom-m has-no-bg has-no-pattern\">\n        \n        <div class=\"holder\">\n            <div class=\"container\">\n                <div class=\"cta-holder\">\n                                            <div class=\"image-holder\">\n                            <img decoding=\"async\" src=\"https:\/\/reuzado.nl\/app\/uploads\/2025\/06\/Marina-2-reuzado-.jpg\" alt=\"\">\n                        <\/div>\n                                        <div class=\"content-holder\">\n                        <div class=\"inner\">\n                            <p>Vous voulez savoir quels produits conviennent le mieux \u00e0 votre entreprise ?<\/p>\n<p>Contactez alors nos conseillers. Vous pouvez les joindre via <a href=\"mailto:info@reuzado.nl\">info@reuzado.nl<\/a> ou via <a href=\"tel:+31(0)235519821\">+31 (0)23 551 98 21<\/a>. Ou remplissez le formulaire de contact.<\/p>\n                                                            <div class=\"button-holder\">\n                                    \n                                                                            <a href=\"https:\/\/reuzado.nl\/fr\/contact\/\" target=\"_self\" class=\"button alt\">Prendre contact<\/a>\n                                                                    <\/div>\n                                                    <\/div>\n                    <\/div>\n                <\/div>\n            <\/div>\n        <\/div>\n\n                    <div class=\"background-image\">\n                <img decoding=\"async\" src=\"https:\/\/reuzado.nl\/app\/uploads\/2025\/06\/Reuzado-9377-scaled.jpg\" alt=\"\">\n            <\/div>\n            <\/div>","protected":false},"excerpt":{"rendered":"","protected":false},"author":1,"featured_media":0,"parent":432,"menu_order":0,"comment_status":"closed","ping_status":"closed","template":"","meta":{"_acf_changed":false,"footnotes":""},"class_list":["post-614","page","type-page","status-publish","hentry"],"acf":[],"_links":{"self":[{"href":"https:\/\/reuzado.nl\/fr\/wp-json\/wp\/v2\/pages\/614","targetHints":{"allow":["GET"]}}],"collection":[{"href":"https:\/\/reuzado.nl\/fr\/wp-json\/wp\/v2\/pages"}],"about":[{"href":"https:\/\/reuzado.nl\/fr\/wp-json\/wp\/v2\/types\/page"}],"author":[{"embeddable":true,"href":"https:\/\/reuzado.nl\/fr\/wp-json\/wp\/v2\/users\/1"}],"replies":[{"embeddable":true,"href":"https:\/\/reuzado.nl\/fr\/wp-json\/wp\/v2\/comments?post=614"}],"version-history":[{"count":0,"href":"https:\/\/reuzado.nl\/fr\/wp-json\/wp\/v2\/pages\/614\/revisions"}],"up":[{"embeddable":true,"href":"https:\/\/reuzado.nl\/fr\/wp-json\/wp\/v2\/pages\/432"}],"wp:attachment":[{"href":"https:\/\/reuzado.nl\/fr\/wp-json\/wp\/v2\/media?parent=614"}],"curies":[{"name":"wp","href":"https:\/\/api.w.org\/{rel}","templated":true}]}}