{"id":625,"date":"2025-05-09T11:23:01","date_gmt":"2025-05-09T11:23:01","guid":{"rendered":"https:\/\/reuzado.nl\/?page_id=625"},"modified":"2026-03-16T15:39:09","modified_gmt":"2026-03-16T15:39:09","slug":"elimination-du-vieux-materiel","status":"publish","type":"page","link":"https:\/\/reuzado.nl\/fr\/services-de-solutions\/approvisionnement-en-tic\/elimination-du-vieux-materiel\/","title":{"rendered":"Mise au rebut de l'ancien mat\u00e9riel"},"content":{"rendered":"<div  class=\"section section-pageheader-detail  has-no-bg has-no-pattern\">\n        <div class=\"container\">\n            <div class=\"holder\">\n                                    <div class=\"background-image\">\n                        <img decoding=\"async\" src=\"https:\/\/reuzado.nl\/app\/uploads\/2025\/09\/Reuzado-hoge-resolutie-JudithCapponFotografie-7812.jpg\" alt=\"Mise au rebut de l&#039;ancien mat\u00e9riel\">\n                    <\/div>\n                \n                                    <div class=\"content\">\n                        <h1>Mise au rebut de l'ancien mat\u00e9riel<\/h1>\n\n                                                    <div class=\"rank-math-breadcrumbs\">\n                                <nav aria-label=\"chapelure\" class=\"rank-math-breadcrumb\"><p><span class=\"last\">Accueil<\/span><\/p><\/nav>                            <\/div>\n                                            <\/div>\n                \n                            <\/div>\n        <\/div>\n    <\/div>\n\n\n        <div  class=\"section section-content has-no-bg has-no-pattern\">\n                        <div class=\"container\">\n                <div class=\"content-holder\">\n                    <div class=\"content\">\n                        <div class=\"inner\">\n                            <p>Votre ancien \u00e9quipement informatique doit \u00eatre remplac\u00e9 ? Il est alors important de s'en d\u00e9barrasser de mani\u00e8re s\u00fbre et responsable. Reuzado aide les organisations \u00e0 se d\u00e9barrasser du mat\u00e9riel informatique mis au rebut de mani\u00e8re professionnelle, qu'il s'agisse d'appareils individuels ou d'\u00e9quipements de bureau complets. Nous veillons \u00e0 ce que votre \u00e9quipement ne disparaisse pas seulement de la vue, mais qu'il soit \u00e9galement trait\u00e9 proprement, conform\u00e9ment aux normes en vigueur.<\/p>\n<p>Qu'il s'agisse de vieux ordinateurs, serveurs, \u00e9crans ou appareils mobiles, nous les collectons, les enregistrons pi\u00e8ce par pi\u00e8ce, supprimons toutes les donn\u00e9es et traitons le mat\u00e9riel d'une mani\u00e8re \u00e0 la fois s\u00fbre et respectueuse de l'environnement.<\/p>\n                                                                                                <div class=\"button-holder\">\n                                                                                    <a href=\"https:\/\/reuzado.nl\/fr\/cotation\/elimination-recyclage-du-materiel\/\"\n                                                target=\"_self\"\n                                                class=\"button\">Demande de devis<\/a>\n                                                                                                                            <a href=\"https:\/\/reuzado.nl\/fr\/contact\/\"\n                                                target=\"_self\"\n                                                class=\"button alt\">Prendre contact<\/a>\n                                                                                                                    <\/div>\n                                                                                    <\/div>\n                    <\/div>\n                <\/div>\n            <\/div>\n        <\/div>\n\n    \n\n        <div  class=\"section section-block-cards has-no-padding-bottom-d has-no-padding-bottom-m has-bg-lightblue has-pattern-blue\">\n            \n            <div class=\"container\">\n                <div class=\"holder\">\n                    <div class=\"content-holder\">\n                        <h2>Mise au rebut du mat\u00e9riel ancien : le processus<\/h2>\n\n                                            <\/div>\n\n                    <div class=\"block-holder\">\n                                                    <div class=\"blocks\">\n                                                                                                            <div class=\"column\">\n                                                                                            <div class=\"block\">\n                                                    <div class=\"inner\">\n                                                        <h3>1. Enregistrement et alignement<\/h3>\n<p>Vous indiquez les \u00e9quipements dont vous voulez vous d\u00e9barrasser. Il peut s'agir d'une liste, mais ce n'est pas obligatoire. Nous conviendrons ensemble de ce qui est n\u00e9cessaire en termes de transport et de traitement.<\/p>\n                                                                                                            <\/div>\n                                                <\/div>\n                                                                                            <div class=\"block\">\n                                                    <div class=\"inner\">\n                                                        <h3>2. Collecte par des chauffeurs agr\u00e9\u00e9s<\/h3>\n<p>Notre personnel viendra chercher le mat\u00e9riel chez vous, \u00e9quip\u00e9 de moyens de transport s\u00e9curis\u00e9s et de conteneurs ou de poubelles scell\u00e9s si n\u00e9cessaire.<\/p>\n                                                                                                            <\/div>\n                                                <\/div>\n                                                                                    <\/div>\n                                                                                                                                                <div class=\"column\">\n                                                                                            <div class=\"block\">\n                                                    <div class=\"inner\">\n                                                        <h3>3. Accueil et enregistrement<\/h3>\n<p>Chaque appareil est soigneusement saisi \u00e0 l'arriv\u00e9e et associ\u00e9 \u00e0 un num\u00e9ro de projet. Y a-t-il des supports de donn\u00e9es ? Si oui, ils sont conserv\u00e9s s\u00e9par\u00e9ment.<\/p>\n                                                                                                            <\/div>\n                                                <\/div>\n                                                                                            <div class=\"block\">\n                                                    <div class=\"inner\">\n                                                        <h3>4. Effacement ou destruction des donn\u00e9es<\/h3>\n<p>Les appareils contenant du stockage seront effac\u00e9s ou d\u00e9truits physiquement. Vous recevrez un certificat pour chaque num\u00e9ro de s\u00e9rie. Le mat\u00e9riel d\u00e9fectueux est \u00e9galement trait\u00e9 de mani\u00e8re s\u00e9curis\u00e9e.<\/p>\n                                                                                                            <\/div>\n                                                <\/div>\n                                                                                            <div class=\"block\">\n                                                    <div class=\"inner\">\n                                                        <h3>5. Traitement respectueux de l'environnement<\/h3>\n<p>Tout ce qui est encore utilisable est pr\u00e9par\u00e9 pour \u00eatre r\u00e9utilis\u00e9. Les autres pi\u00e8ces sont recycl\u00e9es de mani\u00e8re responsable. Vous recevez ensuite un rapport clair.<\/p>\n                                                                                                            <\/div>\n                                                <\/div>\n                                                                                    <\/div>\n                                                                                                <\/div>\n                                            <\/div>\n                <\/div>\n            <\/div>\n        <\/div>\n    \n\n    <div  class=\"section section-image-card has-no-padding-bottom-d has-no-padding-bottom-m has-no-bg has-no-pattern\">\n        \n        <div class=\"container\">\n            <div class=\"card-holder\">\n                                    <div class=\"content-holder\">\n                        <div class=\"inner\">\n                            <p><strong>Mise au rebut de l'ancien mat\u00e9riel<\/strong><\/p>\n<h2>De quel type de mat\u00e9riel pouvez-vous vous d\u00e9barrasser ?<\/h2>\n<p>Chez Reuzado, vous pouvez faire \u00e9liminer en toute s\u00e9curit\u00e9 pratiquement n'importe quel type de mat\u00e9riel d'entreprise :<\/p>\n<ul>\n<li>Anciens ordinateurs portables, ordinateurs de bureau et clients l\u00e9gers<\/li>\n<li>Serveurs, commutateurs, baies et autres \u00e9quipements de r\u00e9seau<\/li>\n<li>Moniteurs, claviers et stations d'accueil<\/li>\n<li>Smartphones, tablettes et autres appareils mobiles<\/li>\n<li>Imprimantes, scanners, c\u00e2blage et accessoires<\/li>\n<\/ul>\n<p>Vous avez des postes de travail ou des salles de serveurs entiers \u00e0 nettoyer ? Nous nous en chargeons \u00e9galement.<\/p>\n                                                    <\/div>\n                    <\/div>\n                \n                                    <div class=\"image-wrapper\">\n                        <div class=\"image-holder\">\n                            <img decoding=\"async\" src=\"https:\/\/reuzado.nl\/app\/uploads\/2025\/06\/Reuzado-9696-scaled.jpg\" alt=\"\">\n                        <\/div>\n                    <\/div>\n                            <\/div>\n        <\/div>\n    <\/div>\n\n\n    <div  class=\"section section-intro-text-image has-no-bg has-no-pattern\">\n        <div class=\"wrapper\">\n            <div class=\"column-wrapper\">\n                <div class=\"column-holder\">\n                    <div class=\"column\">\n                        <div class=\"image-holder is-blue\">\n                        <\/div>\n                    <\/div>\n                    <div class=\"column\">\n                        <div class=\"image-holder is-lightblue\">\n                        <\/div>\n                        <div class=\"image-holder is-blue\">\n                        <\/div>\n                    <\/div>\n                    <div class=\"column\">\n                                                    <div class=\"image-holder\">\n                                <img decoding=\"async\" src=\"https:\/\/reuzado.nl\/app\/uploads\/2025\/09\/Reuzado-hoge-resolutie-JudithCapponFotografie-7811.jpg\" alt=\"\">\n                            <\/div>\n                                                <div class=\"image-holder is-blue\">\n                        <\/div>\n                    <\/div>\n                <\/div>\n            <\/div>\n            <div class=\"container\">\n                <div class=\"title\">\n                                            <h3>Convient \u00e9galement aux organisations disposant de plusieurs sites<\/h3>\n<p>Vous avez plusieurs sites ou une structure informatique d\u00e9centralis\u00e9e ? Dans ce cas, vous souhaitez organiser l'\u00e9limination de votre ancien mat\u00e9riel de mani\u00e8re structur\u00e9e. Reuzado propose des solutions flexibles pour les organisations ayant plusieurs sites. Nous convenons d'une heure d'enl\u00e8vement par succursale, nous pr\u00e9voyons un enregistrement s\u00e9par\u00e9 par site et nous regroupons le tout dans un seul dossier de projet. Via notre portail client Circu-IT, vous suivez toutes les \u00e9tapes - de la collecte au traitement - en un seul endroit central. Vous gardez ainsi la main sur l'ensemble de votre flux de mat\u00e9riel, m\u00eame s'il est r\u00e9parti dans tout le pays.<\/p>\n                    \n                                    <\/div>\n                <div class=\"mobile-image\">\n                    <div class=\"column-holder\">\n                        <div class=\"column\">\n                            <div class=\"image-holder is-blue\">\n                            <\/div>\n                        <\/div>\n                        <div class=\"column\">\n                            <div class=\"image-holder is-lightblue\">\n                            <\/div>\n                            <div class=\"image-holder is-blue\">\n                            <\/div>\n                        <\/div>\n                        <div class=\"column\">\n                                                            <div class=\"image-holder\">\n                                    <img decoding=\"async\" src=\"https:\/\/reuzado.nl\/app\/uploads\/2025\/09\/Reuzado-hoge-resolutie-JudithCapponFotografie-7811.jpg\" alt=\"\">\n                                <\/div>\n                                                        <div class=\"image-holder is-blue\">\n                            <\/div>\n                        <\/div>\n                    <\/div>\n                <\/div>\n                <div class=\"text\">\n                    <div class=\"inner\">\n                                                    <h3>Manipulation s\u00fbre des supports de donn\u00e9es<\/h3>\n<p>Lors de la mise au rebut d'anciens \u00e9quipements informatiques, la s\u00e9curit\u00e9 des donn\u00e9es n'est pas une pr\u00e9occupation secondaire - elle est essentielle. Les appareils dot\u00e9s d'une m\u00e9moire, tels que les disques durs, les disques SSD ou les modules flash internes, sont consid\u00e9r\u00e9s comme potentiellement dangereux. Ils sont donc d\u00e9mont\u00e9s d\u00e8s leur arriv\u00e9e et stock\u00e9s dans une zone s\u00e9curis\u00e9e. Nous proc\u00e9dons ensuite \u00e0 l'\u00e9limination certifi\u00e9e des donn\u00e9es \u00e0 l'aide du logiciel Blancco ou \u00e0 la destruction physique conform\u00e9ment \u00e0 la norme DIN 66399 H5. Vous recevez un certificat avec le num\u00e9ro de s\u00e9rie et le type de traitement pour chaque support individuel. Vous \u00eates ainsi en conformit\u00e9 avec toutes les <a href=\"https:\/\/ondernemersplein.overheid.nl\/bedrijfsvoering\/juridische-zaken\/de-avg-dit-moeten-ondernemers-doen\/\" target=\"_blank\" rel=\"noopener\">AVG<\/a>-et de disposer de preuves irr\u00e9futables pour les audits ou la conformit\u00e9 interne.<\/p>\n                                                                    <\/div>\n                <\/div>\n            <\/div>\n        <\/div>\n    <\/div>\n\n\n        <div  class=\"section section-content has-bg-lightblue has-no-pattern\">\n                        <div class=\"container\">\n                <div class=\"content-holder\">\n                    <div class=\"content\">\n                        <div class=\"inner\">\n                            <p><strong>Mise au rebut de l'ancien mat\u00e9riel<\/strong><\/p>\n<h3>Votre ancien mat\u00e9riel comme source de valeur nouvelle<\/h3>\n<p>L'\u00e9limination n'est pas synonyme de d\u00e9chets. Au contraire, nous examinons chaque \u00e9quipement de mani\u00e8re critique afin de d\u00e9terminer s'il peut \u00eatre r\u00e9utilis\u00e9. Le mat\u00e9riel en \u00e9tat de marche se voit offrir une seconde vie gr\u00e2ce \u00e0 la remise \u00e0 neuf, et les composants tels que les modules de m\u00e9moire ou les blocs d'alimentation sont r\u00e9cup\u00e9r\u00e9s dans la mesure du possible. De cette mani\u00e8re, vous contribuez activement \u00e0 l'informatique circulaire, vous r\u00e9duisez les d\u00e9chets \u00e9lectroniques et vous diminuez indirectement l'impact environnemental de la nouvelle production. Les appareils ou les composants qui ne sont vraiment plus utilisables sont soigneusement d\u00e9mont\u00e9s et propos\u00e9s \u00e0 des transformateurs certifi\u00e9s. Ceux-ci r\u00e9cup\u00e8rent des mati\u00e8res premi\u00e8res pr\u00e9cieuses, qu'il s'agisse de m\u00e9taux pr\u00e9cieux ou de plastique recycl\u00e9.<\/p>\n                                                                                                                <\/div>\n                    <\/div>\n                <\/div>\n            <\/div>\n        <\/div>\n\n    \n\n    <div  class=\"section section-faq is-default has-no-bg has-no-pattern\">\n        \n        <div class=\"container\">\n                        <div class=\"faq-wrapper\">\n                <div class=\"faq\">\n                                                                        <div class=\"faq-title\">\n                                <h2>Questions fr\u00e9quemment pos\u00e9es sur l'\u00e9limination du mat\u00e9riel ancien<\/h2>\n                            <\/div>\n                                            \n                                            <div class=\"faq-items-wrapper\">\n                                                            <div class=\"faq-item\">\n                                    <div class=\"faq-heading toggle-heading\">\n                                        <h3>Quel est le co\u00fbt de l'\u00e9limination du mat\u00e9riel informatique usag\u00e9 ?<\/h3>\n                                        <i class=\"icon opened\"><\/i>\n                                    <\/div>\n                                    <div class=\"faq-body toggle-body is-opened\">\n                                        <p>Les co\u00fbts d\u00e9pendent du nombre d'appareils, de l'emplacement et de la n\u00e9cessit\u00e9 de d\u00e9truire les supports de donn\u00e9es. Nous envoyons toujours \u00e0 l'avance un devis clair, adapt\u00e9 \u00e0 votre situation.<\/p>\n                                    <\/div>\n                                <\/div>\n                                                            <div class=\"faq-item\">\n                                    <div class=\"faq-heading toggle-heading\">\n                                        <h3>Puis-je \u00e9galement faire collecter un vieil ordinateur ?<\/h3>\n                                        <i class=\"icon closed\"><\/i>\n                                    <\/div>\n                                    <div class=\"faq-body toggle-body hidden\">\n                                        <p>Bien s\u00fbr. Qu'il s'agisse d'un seul vieil ordinateur ou d'un lot entier de postes de travail obsol\u00e8tes, nous assurons une \u00e9limination et un traitement s\u00fbrs. Les appareils contenant des supports de donn\u00e9es sont \u00e9galement effac\u00e9s ou d\u00e9truits de mani\u00e8re certifi\u00e9e.<\/p>\n                                    <\/div>\n                                <\/div>\n                                                            <div class=\"faq-item\">\n                                    <div class=\"faq-heading toggle-heading\">\n                                        <h3>Qu'advient-il des appareils qui fonctionnent encore ?<\/h3>\n                                        <i class=\"icon closed\"><\/i>\n                                    <\/div>\n                                    <div class=\"faq-body toggle-body hidden\">\n                                        <p>Si un appareil, tel qu'un vieil ordinateur portable ou un moniteur, est encore utilisable, il est pr\u00e9par\u00e9 pour \u00eatre r\u00e9utilis\u00e9 apr\u00e8s inspection. Nous prolongeons ainsi la dur\u00e9e de vie de l'appareil et r\u00e9duisons vos d\u00e9chets \u00e9lectroniques.<\/p>\n                                    <\/div>\n                                <\/div>\n                                                            <div class=\"faq-item\">\n                                    <div class=\"faq-heading toggle-heading\">\n                                        <h3>Cela fait-il \u00e9galement partie du recyclage des technologies de l'information ?<\/h3>\n                                        <i class=\"icon closed\"><\/i>\n                                    <\/div>\n                                    <div class=\"faq-body toggle-body hidden\">\n                                        <p>Oui, l'\u00e9limination du mat\u00e9riel informatique par Reuzado fait partie d'un processus plus large de recyclage des technologies de l'information. Nous assurons la r\u00e9utilisation lorsque cela est possible et le recyclage de haute qualit\u00e9 des pi\u00e8ces non r\u00e9utilisables par l'interm\u00e9diaire de partenaires certifi\u00e9s.<\/p>\n                                    <\/div>\n                                <\/div>\n                                                            <div class=\"faq-item\">\n                                    <div class=\"faq-heading toggle-heading\">\n                                        <h3>Dois-je obtenir un certificat de destruction des donn\u00e9es ?<\/h3>\n                                        <i class=\"icon closed\"><\/i>\n                                    <\/div>\n                                    <div class=\"faq-body toggle-body hidden\">\n                                        <p>Oui. Chaque support de donn\u00e9es que nous effa\u00e7ons ou d\u00e9truisons physiquement vous sera envoy\u00e9 avec un certificat officiel et le num\u00e9ro de s\u00e9rie associ\u00e9. De cette mani\u00e8re, vous vous conformez \u00e0 la directive AVG et vous pouvez d\u00e9montrer la s\u00e9curit\u00e9 des donn\u00e9es.<\/p>\n                                    <\/div>\n                                <\/div>\n                                                            <div class=\"faq-item\">\n                                    <div class=\"faq-heading toggle-heading\">\n                                        <h3>Puis-je \u00e9galement faire \u00e9liminer une petite quantit\u00e9 de mat\u00e9riel ?<\/h3>\n                                        <i class=\"icon closed\"><\/i>\n                                    <\/div>\n                                    <div class=\"faq-body toggle-body hidden\">\n                                        <p>Vous pouvez \u00e9galement vous adresser \u00e0 nous pour quelques appareils. Pensez \u00e0 un vieil ordinateur, un routeur ou une imprimante. Nous avons des solutions flexibles pour les petits et les grands volumes.<\/p>\n                                    <\/div>\n                                <\/div>\n                                                            <div class=\"faq-item\">\n                                    <div class=\"faq-heading toggle-heading\">\n                                        <h3>Fournissez-vous \u00e9galement des services de d\u00e9montage sur place ?<\/h3>\n                                        <i class=\"icon closed\"><\/i>\n                                    <\/div>\n                                    <div class=\"faq-body toggle-body hidden\">\n                                        <p>Si n\u00e9cessaire, nous d\u00e9montons le mat\u00e9riel sur place, par exemple dans les salles de serveurs ou les bureaux. Faites-le nous savoir au moment de votre demande et nous vous apporterons l'aide n\u00e9cessaire.<\/p>\n                                    <\/div>\n                                <\/div>\n                                                    <\/div>\n                                    <\/div>\n            <\/div>\n        <\/div>\n    <\/div>\n\n\n    <div  class=\"section section-cta has-small-image has-no-padding-bottom-d has-no-padding-bottom-m has-no-bg has-no-pattern\">\n        \n        <div class=\"holder\">\n            <div class=\"container\">\n                <div class=\"cta-holder\">\n                                            <div class=\"image-holder\">\n                            <img decoding=\"async\" src=\"https:\/\/reuzado.nl\/app\/uploads\/2026\/03\/CTA-Tim.png\" alt=\"\">\n                        <\/div>\n                                        <div class=\"content-holder\">\n                        <div class=\"inner\">\n                            <p>Vous voulez savoir quels produits conviennent le mieux \u00e0 votre entreprise ?<\/p>\n<p>Contactez alors nos conseillers. Vous pouvez les joindre via <a href=\"mailto:info@reuzado.nl\">info@reuzado.nl<\/a> ou via <a href=\"tel:+31(0)235519821\">+31 (0)23 551 98 21<\/a>. Ou remplissez le formulaire de contact.<\/p>\n                                                            <div class=\"button-holder\">\n                                    \n                                                                            <a href=\"https:\/\/reuzado.nl\/fr\/contact\/\" target=\"_self\" class=\"button alt\">Prendre contact<\/a>\n                                                                    <\/div>\n                                                    <\/div>\n                    <\/div>\n                <\/div>\n            <\/div>\n        <\/div>\n\n                    <div class=\"background-image\">\n                <img decoding=\"async\" src=\"https:\/\/reuzado.nl\/app\/uploads\/2025\/06\/Reuzado-9377-scaled.jpg\" alt=\"\">\n            <\/div>\n            <\/div>","protected":false},"excerpt":{"rendered":"","protected":false},"author":1,"featured_media":0,"parent":432,"menu_order":0,"comment_status":"closed","ping_status":"closed","template":"","meta":{"_acf_changed":false,"footnotes":""},"class_list":["post-625","page","type-page","status-publish","hentry"],"acf":[],"_links":{"self":[{"href":"https:\/\/reuzado.nl\/fr\/wp-json\/wp\/v2\/pages\/625","targetHints":{"allow":["GET"]}}],"collection":[{"href":"https:\/\/reuzado.nl\/fr\/wp-json\/wp\/v2\/pages"}],"about":[{"href":"https:\/\/reuzado.nl\/fr\/wp-json\/wp\/v2\/types\/page"}],"author":[{"embeddable":true,"href":"https:\/\/reuzado.nl\/fr\/wp-json\/wp\/v2\/users\/1"}],"replies":[{"embeddable":true,"href":"https:\/\/reuzado.nl\/fr\/wp-json\/wp\/v2\/comments?post=625"}],"version-history":[{"count":0,"href":"https:\/\/reuzado.nl\/fr\/wp-json\/wp\/v2\/pages\/625\/revisions"}],"up":[{"embeddable":true,"href":"https:\/\/reuzado.nl\/fr\/wp-json\/wp\/v2\/pages\/432"}],"wp:attachment":[{"href":"https:\/\/reuzado.nl\/fr\/wp-json\/wp\/v2\/media?parent=625"}],"curies":[{"name":"wp","href":"https:\/\/api.w.org\/{rel}","templated":true}]}}