{"id":804,"date":"2025-05-14T09:52:24","date_gmt":"2025-05-14T09:52:24","guid":{"rendered":"https:\/\/reuzado.nl\/?page_id=804"},"modified":"2025-08-01T14:09:19","modified_gmt":"2025-08-01T14:09:19","slug":"recyclage-des-serveurs","status":"publish","type":"page","link":"https:\/\/reuzado.nl\/fr\/services-de-solutions\/approvisionnement-en-tic\/it-recyclage\/recyclage-des-serveurs\/","title":{"rendered":"Recyclage des serveurs"},"content":{"rendered":"<div  class=\"section section-pageheader-detail  has-no-bg has-no-pattern\">\n        <div class=\"container\">\n            <div class=\"holder\">\n                                    <div class=\"background-image\">\n                        <img decoding=\"async\" src=\"https:\/\/reuzado.nl\/app\/uploads\/2025\/06\/Reuzado-9701-scaled.jpg\" alt=\"rachat de cisco\">\n                    <\/div>\n                \n                                    <div class=\"content\">\n                        <h1>Recyclage des serveurs<\/h1>\n\n                                                    <div class=\"rank-math-breadcrumbs\">\n                                <nav aria-label=\"chapelure\" class=\"rank-math-breadcrumb\"><p><span class=\"last\">Accueil<\/span><\/p><\/nav>                            <\/div>\n                                            <\/div>\n                \n                            <\/div>\n        <\/div>\n    <\/div>\n\n\n        <div  class=\"section section-content has-no-bg has-no-pattern\">\n                        <div class=\"container\">\n                <div class=\"content-holder\">\n                    <div class=\"content\">\n                        <div class=\"inner\">\n                            <p>Que vous souhaitiez r\u00e9cup\u00e9rer quelques serveurs ou d\u00e9manteler un parc entier de serveurs, nous assurons un traitement s\u00fbr et sans tracas. Chez nous, le recyclage de serveurs n'est pas un travail standard, mais un travail sur mesure. Nous examinons votre situation, nous nous rendons sur place et nous nous occupons de tout du d\u00e9but \u00e0 la fin, y compris de la destruction des donn\u00e9es.<\/p>\n                                                                                                <div class=\"button-holder\">\n                                                                                    <a href=\"https:\/\/reuzado.nl\/fr\/demander-un-devis\/\"\n                                                target=\"_self\"\n                                                class=\"button\">Demande de devis<\/a>\n                                                                                                                            <a href=\"https:\/\/reuzado.nl\/fr\/contact\/\"\n                                                target=\"_self\"\n                                                class=\"button\">Prendre contact<\/a>\n                                                                                                                    <\/div>\n                                                                                    <\/div>\n                    <\/div>\n                <\/div>\n            <\/div>\n        <\/div>\n\n    \n\n        <div  class=\"section section-block-cards has-bg-lightblue has-pattern-blue\">\n            \n            <div class=\"container\">\n                <div class=\"holder\">\n                    <div class=\"content-holder\">\n                        <h2>Recyclage des serveurs : comment fonctionne le processus de recyclage des serveurs ?<\/h2>\n<p>Le recyclage des serveurs ne se limite pas au mat\u00e9riel. Les donn\u00e9es qu'il contient sont au moins aussi importantes. C'est pourquoi nous assurons toujours une destruction s\u00e9curis\u00e9e des donn\u00e9es, qu'il s'agisse de disques durs, de disques SSD ou d'autres supports de stockage. Vous recevez toujours un certificat officiel de destruction \u00e0 l'issue de l'op\u00e9ration.<\/p>\n\n                                            <\/div>\n\n                    <div class=\"block-holder\">\n                                                    <div class=\"blocks\">\n                                                                                                            <div class=\"column\">\n                                                                                            <div class=\"block\">\n                                                    <div class=\"inner\">\n                                                        <h3>1. Application du mat\u00e9riel<\/h3>\n<p><span style=\"font-weight: 400\">Il vous suffit d'enregistrer vos serveurs ou autres \u00e9quipements via notre formulaire ou par e-mail. Nous discuterons bri\u00e8vement de vos besoins et de la forme de destruction des donn\u00e9es que vous pr\u00e9f\u00e9rez.<\/span><\/p>\n                                                                                                            <\/div>\n                                                <\/div>\n                                                                                            <div class=\"block\">\n                                                    <div class=\"inner\">\n                                                        <h3>2. Collecte par transport s\u00e9curis\u00e9<\/h3>\n<p><span style=\"font-weight: 400\">Nous conviendrons d'un rendez-vous pour r\u00e9cup\u00e9rer le mat\u00e9riel. Notre transport est s\u00e9curis\u00e9, vous pouvez donc \u00eatre s\u00fbr que tout arrive chez nous en toute s\u00e9curit\u00e9.<\/span><\/p>\n                                                                                                            <\/div>\n                                                <\/div>\n                                                                                    <\/div>\n                                                                                                                                                <div class=\"column\">\n                                                                                            <div class=\"block\">\n                                                    <div class=\"inner\">\n                                                        <h3>3. Enregistrement et identification<\/h3>\n<p><span style=\"font-weight: 400\">Tous les \u00e9quipements sont enregistr\u00e9s \u00e0 leur arriv\u00e9e par leur num\u00e9ro de s\u00e9rie ou leur \u00e9tiquette. Cela nous permet d'indiquer ult\u00e9rieurement quelles pi\u00e8ces ont \u00e9t\u00e9 trait\u00e9es ou d\u00e9truites.<\/span><\/p>\n                                                                                                            <\/div>\n                                                <\/div>\n                                                                                            <div class=\"block\">\n                                                    <div class=\"inner\">\n                                                        <h3>4. Destruction de donn\u00e9es sur mesure<\/h3>\n<p><span style=\"font-weight: 400\">Selon votre choix, les donn\u00e9es sont d\u00e9truites de la bonne mani\u00e8re - par logiciel avec des outils certifi\u00e9s, ou physiquement dans une d\u00e9chiqueteuse. Les deux m\u00e9thodes sont conformes aux normes les plus strictes. <\/span><\/p>\n                                                                                                            <\/div>\n                                                <\/div>\n                                                                                            <div class=\"block\">\n                                                    <div class=\"inner\">\n                                                        <h3>5. Certificat et rapport<\/h3>\n<p><span style=\"font-weight: 400\">Vous recevrez ensuite un certificat officiel de destruction de notre part. Ce certificat mentionne \u00e9galement les num\u00e9ros de s\u00e9rie, pour une transparence totale.<\/span><\/p>\n                                                                                                            <\/div>\n                                                <\/div>\n                                                                                    <\/div>\n                                                                                                <\/div>\n                                            <\/div>\n                <\/div>\n            <\/div>\n        <\/div>\n    \n\n        <div  class=\"section section-content has-no-bg has-no-pattern\">\n                        <div class=\"container\">\n                <div class=\"content-holder\">\n                    <div class=\"content\">\n                        <div class=\"inner\">\n                            <h2>S\u00e9curit\u00e9 des donn\u00e9es : voici comment nous traitons vos donn\u00e9es<\/h2>\n<p>Les serveurs contiennent souvent des informations commerciales sensibles. C'est pourquoi nous prenons la s\u00e9curit\u00e9 des donn\u00e9es tr\u00e8s au s\u00e9rieux. Pour chaque mission, vous pouvez opter pour une destruction certifi\u00e9e des donn\u00e9es - logicielle ou physique - en fonction de vos besoins. Vous recevrez toujours un certificat officiel de destruction, garantissant la conformit\u00e9 aux lois et r\u00e9glementations telles que la loi AVG.<\/p>\n                                                                                                                <\/div>\n                    <\/div>\n                <\/div>\n            <\/div>\n        <\/div>\n\n    \n\n        <div  class=\"section section-content two-columns has-no-bg has-no-pattern\">\n            <div class=\"container\">\n                <div class=\"content-holder\">\n                                            <div class=\"column\">\n                            <div class=\"content\">\n                                <h3>Destruction des donn\u00e9es par logiciel avec certificat<\/h3>\n<p><span style=\"font-weight: 400\">Si les serveurs contiennent encore des supports de stockage en \u00e9tat de marche, la destruction par logiciel est souvent la meilleure solution. Nous utilisons des outils professionnels conformes aux normes internationales en mati\u00e8re de suppression s\u00e9curis\u00e9e des donn\u00e9es. Vous pouvez compter sur la suppression d\u00e9finitive de toutes les donn\u00e9es, sans perte de donn\u00e9es ni risque de r\u00e9cup\u00e9ration.<\/span><\/p>\n<p><span style=\"font-weight: 400\">Nous utilisons \u00e0 cet effet le logiciel Blancco, reconnu et certifi\u00e9 au niveau mondial. Blancco est recommand\u00e9 par des organismes tels que l'OTAN, le TUV, l'ANSSI et l'AIVD, entre autres. Le logiciel \u00e9crase les donn\u00e9es conform\u00e9ment \u00e0 des normes strictement certifi\u00e9es (telles que ISO 15408 et Crit\u00e8res communs). Vous recevrez ensuite un <\/span><b>rapport et certificat officiel<\/b><span style=\"font-weight: 400\">, y compris les num\u00e9ros de s\u00e9rie des supports de donn\u00e9es d\u00e9truits.<\/span><\/p>\n                            <\/div>\n                        <\/div>\n                                        <div class=\"column\">\n                        <div class=\"content\">\n                            <h3>Destruction physique dans le cas de supports non restaurables<\/h3>\n<p>Parfois, l'effacement par logiciel n'est pas possible - par exemple, en cas de disques cass\u00e9s ou de limitations techniques sp\u00e9cifiques. Dans ce cas, nous proposons une destruction physique : les supports de stockage sont d\u00e9chiquet\u00e9s dans une d\u00e9chiqueteuse industrielle. Cette m\u00e9thode garantit la destruction compl\u00e8te de toutes les donn\u00e9es, m\u00eame sur du mat\u00e9riel ancien ou endommag\u00e9.<\/p>\n<p>La destruction physique des donn\u00e9es peut \u00eatre effectu\u00e9e par nos soins en interne, mais aussi sur site - par exemple, si vous ne souhaitez pas remettre d'\u00e9quipement sensible.<\/p>\n                                                    <\/div>\n                    <\/div>\n                <\/div>\n            <\/div>\n        <\/div>\n\n    \n\n    <div         class=\"section section-image-content has-no-padding-top-d has-no-padding-top-m has-bg-lightblue has-no-pattern has-image-right\">\n        <div class=\"holder\">\n                            <div class=\"image-holder\">\n                                            <div class=\"column\">\n                            <div class=\"image-wrapper\">\n                                <img decoding=\"async\" src=\"https:\/\/reuzado.nl\/app\/uploads\/2025\/06\/Reuzado-9701-scaled.jpg\" alt=\"rachat de cisco\">\n                            <\/div>\n                        <\/div>\n                                        <div class=\"column\">\n                                                    <div class=\"image-wrapper\">\n                                <img decoding=\"async\" src=\"https:\/\/reuzado.nl\/app\/uploads\/2025\/06\/Reuzado-9696-scaled.jpg\" alt=\"\">\n                            <\/div>\n                                                                            <div class=\"image-wrapper\">\n                                <img decoding=\"async\" src=\"https:\/\/reuzado.nl\/app\/uploads\/2025\/06\/Reuzado-9721-scaled.jpg\" alt=\"\">\n                            <\/div>\n                                            <\/div>\n                                    <\/div>\n                <div class=\"image-holder-mobile\">\n\n                                            <div class=\"column\">\n                            <div class=\"image-wrapper\">\n                                <img decoding=\"async\" src=\"https:\/\/reuzado.nl\/app\/uploads\/2025\/06\/Reuzado-9701-scaled.jpg\" alt=\"rachat de cisco\">\n                            <\/div>\n                        <\/div>\n                                        <div class=\"column\">\n                                                    <div class=\"image-wrapper\">\n                                <img decoding=\"async\" src=\"https:\/\/reuzado.nl\/app\/uploads\/2025\/06\/Reuzado-9696-scaled.jpg\" alt=\"\">\n                            <\/div>\n                                                                            <div class=\"image-wrapper\">\n                                <img decoding=\"async\" src=\"https:\/\/reuzado.nl\/app\/uploads\/2025\/06\/Reuzado-9721-scaled.jpg\" alt=\"\">\n                            <\/div>\n                                            <\/div>\n                                    <\/div>\n                        <div class=\"content-holder\">\n                <div class=\"inner\">\n                                            <h4>Traitement s\u00fbr et respectueux de l'environnement<\/h4>\n<p>Dans la mesure du possible, nous donnons une seconde vie aux serveurs en les r\u00e9visant. Cette d\u00e9marche est plus respectueuse de l'environnement et \u00e9vite de gaspiller des mati\u00e8res premi\u00e8res. Si cela n'est plus techniquement possible, les serveurs sont recycl\u00e9s conform\u00e9ment aux directives de WEEELABEX. Cela signifie que les pi\u00e8ces utilisables sont r\u00e9utilis\u00e9es, que les substances nocives sont \u00e9limin\u00e9es en toute s\u00e9curit\u00e9 et que la destruction des donn\u00e9es sensibles est garantie.<\/p>\n                    \n                                    <\/div>\n            <\/div>\n        <\/div>\n    <\/div>\n\n\n    <div  class=\"section section-faq  has-no-bg has-no-pattern\">\n        \n        <div class=\"container\">\n                        <div class=\"faq-wrapper\">\n                <div class=\"faq\">\n                                                                        <div class=\"faq-title\">\n                                <h2>Questions fr\u00e9quemment pos\u00e9es sur le recyclage des serveurs<\/h2>\n                            <\/div>\n                                            \n                                            <div class=\"faq-items-wrapper\">\n                                                            <div class=\"faq-item\">\n                                    <div class=\"faq-heading toggle-heading\">\n                                        <h3>Pourquoi le recyclage des serveurs est-il si important ?<\/h3>\n                                        <i class=\"icon opened\"><\/i>\n                                    <\/div>\n                                    <div class=\"faq-body toggle-body is-opened\">\n                                        <p>Les vieux serveurs contiennent des mat\u00e9riaux pr\u00e9cieux, mais aussi des substances nocives. Se contenter de jeter les serveurs n'est pas seulement mauvais pour l'environnement, c'est aussi ill\u00e9gal. Avec le recyclage des serveurs, vous contribuez \u00e0 une \u00e9conomie circulaire : les pi\u00e8ces utilisables sont r\u00e9utilis\u00e9es, les mati\u00e8res premi\u00e8res sont r\u00e9cup\u00e9r\u00e9es et les mati\u00e8res dangereuses sont trait\u00e9es en toute s\u00e9curit\u00e9. Vous donnez ainsi une seconde vie \u00e0 votre ancien mat\u00e9riel, sans risque pour l'environnement ou vos donn\u00e9es.<\/p>\n                                    <\/div>\n                                <\/div>\n                                                            <div class=\"faq-item\">\n                                    <div class=\"faq-heading toggle-heading\">\n                                        <h3>Le recyclage des serveurs est-il gratuit ?<\/h3>\n                                        <i class=\"icon closed\"><\/i>\n                                    <\/div>\n                                    <div class=\"faq-body toggle-body hidden\">\n                                        <p>Dans de nombreux cas, le recyclage des serveurs est gratuit, en particulier pour les gros volumes ou si l'\u00e9quipement a encore de la valeur. Pour les petits volumes ou les services suppl\u00e9mentaires tels que la destruction des donn\u00e9es sur site, il peut y avoir des frais. N'h\u00e9sitez pas \u00e0 nous contacter pour obtenir un devis sans engagement.<\/p>\n                                    <\/div>\n                                <\/div>\n                                                            <div class=\"faq-item\">\n                                    <div class=\"faq-heading toggle-heading\">\n                                        <h3>Qu'advient-il de mes donn\u00e9es sur les anciens serveurs ?<\/h3>\n                                        <i class=\"icon closed\"><\/i>\n                                    <\/div>\n                                    <div class=\"faq-body toggle-body hidden\">\n                                        <p>Avant de recycler les serveurs, nous nous assurons que toutes les donn\u00e9es sont d\u00e9truites de mani\u00e8re professionnelle. Vous avez le choix entre la destruction logicielle et la destruction physique des donn\u00e9es. Dans les deux cas, vous recevez un certificat comme preuve - de cette fa\u00e7on, vous traitez vos d\u00e9chets informatiques en toute s\u00e9curit\u00e9 et \u00e0 l'\u00e9preuve d'AVG.<\/p>\n                                    <\/div>\n                                <\/div>\n                                                            <div class=\"faq-item\">\n                                    <div class=\"faq-heading toggle-heading\">\n                                        <h3>Dans quel d\u00e9lai pouvez-vous r\u00e9cup\u00e9rer mes anciens serveurs ?<\/h3>\n                                        <i class=\"icon closed\"><\/i>\n                                    <\/div>\n                                    <div class=\"faq-body toggle-body hidden\">\n                                        <p>Nous pouvons g\u00e9n\u00e9ralement venir collecter les anciens serveurs en quelques jours ouvrables. Vous avez une urgence ou un lot important de d\u00e9chets informatiques ? Dans ce cas, nous chercherons ensemble une solution ad\u00e9quate. Bien entendu, nous assurons un transport s\u00e9curis\u00e9.<\/p>\n                                    <\/div>\n                                <\/div>\n                                                            <div class=\"faq-item\">\n                                    <div class=\"faq-heading toggle-heading\">\n                                        <h3>Quelle est la diff\u00e9rence entre le recyclage des serveurs et l'\u00e9limination des d\u00e9chets informatiques ordinaires ?<\/h3>\n                                        <i class=\"icon closed\"><\/i>\n                                    <\/div>\n                                    <div class=\"faq-body toggle-body hidden\">\n                                        <p>Les d\u00e9chets informatiques sont un terme g\u00e9n\u00e9ral d\u00e9signant les vieux \u00e9quipements informatiques tels que les ordinateurs, les imprimantes, les c\u00e2bles ou les \u00e9crans. Le recyclage des serveurs se concentre sp\u00e9cifiquement sur l'\u00e9limination des serveurs et des \u00e9quipements associ\u00e9s tels que les racks et les unit\u00e9s de stockage. L'accent est mis sur la destruction s\u00fbre des donn\u00e9es, le d\u00e9sassemblage technique et l'\u00e9limination responsable des m\u00e9taux et de l'\u00e9lectronique.<\/p>\n                                    <\/div>\n                                <\/div>\n                                                    <\/div>\n                                    <\/div>\n            <\/div>\n        <\/div>\n    <\/div>","protected":false},"excerpt":{"rendered":"","protected":false},"author":1,"featured_media":0,"parent":756,"menu_order":0,"comment_status":"closed","ping_status":"closed","template":"","meta":{"_acf_changed":false,"footnotes":""},"class_list":["post-804","page","type-page","status-publish","hentry"],"acf":[],"_links":{"self":[{"href":"https:\/\/reuzado.nl\/fr\/wp-json\/wp\/v2\/pages\/804","targetHints":{"allow":["GET"]}}],"collection":[{"href":"https:\/\/reuzado.nl\/fr\/wp-json\/wp\/v2\/pages"}],"about":[{"href":"https:\/\/reuzado.nl\/fr\/wp-json\/wp\/v2\/types\/page"}],"author":[{"embeddable":true,"href":"https:\/\/reuzado.nl\/fr\/wp-json\/wp\/v2\/users\/1"}],"replies":[{"embeddable":true,"href":"https:\/\/reuzado.nl\/fr\/wp-json\/wp\/v2\/comments?post=804"}],"version-history":[{"count":0,"href":"https:\/\/reuzado.nl\/fr\/wp-json\/wp\/v2\/pages\/804\/revisions"}],"up":[{"embeddable":true,"href":"https:\/\/reuzado.nl\/fr\/wp-json\/wp\/v2\/pages\/756"}],"wp:attachment":[{"href":"https:\/\/reuzado.nl\/fr\/wp-json\/wp\/v2\/media?parent=804"}],"curies":[{"name":"wp","href":"https:\/\/api.w.org\/{rel}","templated":true}]}}