{"id":811,"date":"2025-05-14T09:55:45","date_gmt":"2025-05-14T09:55:45","guid":{"rendered":"https:\/\/reuzado.nl\/?page_id=811"},"modified":"2025-08-01T14:10:09","modified_gmt":"2025-08-01T14:10:09","slug":"destruction-dequipements-de-reseau","status":"publish","type":"page","link":"https:\/\/reuzado.nl\/fr\/services-de-solutions\/approvisionnement-en-tic\/destruction-dequipements-de-reseau\/","title":{"rendered":"Destruction des \u00e9quipements de r\u00e9seau"},"content":{"rendered":"<div  class=\"section section-pageheader-detail  has-no-bg has-no-pattern\">\n        <div class=\"container\">\n            <div class=\"holder\">\n                                    <div class=\"background-image\">\n                        <img decoding=\"async\" src=\"https:\/\/reuzado.nl\/app\/uploads\/2025\/06\/Reuzado-9677-scaled.jpg\" alt=\"\">\n                    <\/div>\n                \n                                    <div class=\"content\">\n                        <h1>Destruction des \u00e9quipements de r\u00e9seau<\/h1>\n\n                                                    <div class=\"rank-math-breadcrumbs\">\n                                <nav aria-label=\"chapelure\" class=\"rank-math-breadcrumb\"><p><span class=\"last\">Accueil<\/span><\/p><\/nav>                            <\/div>\n                                            <\/div>\n                \n                            <\/div>\n        <\/div>\n    <\/div>\n\n\n        <div  class=\"section section-content has-no-bg has-no-pattern\">\n                        <div class=\"container\">\n                <div class=\"content-holder\">\n                    <div class=\"content\">\n                        <div class=\"inner\">\n                            <p>Chez Reuzado, nous assurons l'\u00e9limination s\u00fbre et responsable des \u00e9quipements de r\u00e9seau. Qu'il s'agisse de quelques commutateurs ou d'un lot entier de routeurs, tout est physiquement d\u00e9truit ou compl\u00e8tement effac\u00e9 afin que les donn\u00e9es ne puissent pas \u00eatre r\u00e9cup\u00e9r\u00e9es - un \u00e9l\u00e9ment essentiel de toute \u00e9limination informatique s\u00fbre. Vous recevez toujours un certificat et une documentation claire sur ce qui a \u00e9t\u00e9 trait\u00e9.<\/p>\n                                                                                                <div class=\"button-holder\">\n                                                                                    <a href=\"https:\/\/reuzado.nl\/fr\/demander-un-devis\/\"\n                                                target=\"_self\"\n                                                class=\"button\">Demande de devis<\/a>\n                                                                                                                            <a href=\"https:\/\/reuzado.nl\/fr\/contact\/\"\n                                                target=\"_self\"\n                                                class=\"button\">Prendre contact<\/a>\n                                                                                                                    <\/div>\n                                                                                    <\/div>\n                    <\/div>\n                <\/div>\n            <\/div>\n        <\/div>\n\n    \n\n        <div  class=\"section section-block-cards has-bg-lightblue has-pattern-blue\">\n            \n            <div class=\"container\">\n                <div class=\"holder\">\n                    <div class=\"content-holder\">\n                        <h2>Le processus de destruction des \u00e9quipements de r\u00e9seau<\/h2>\n<p>Les \u00e9quipements de r\u00e9seau tels que les commutateurs, les routeurs, les pare-feu et les points d'acc\u00e8s contiennent plus d'informations qu'il n'y para\u00eet \u00e0 premi\u00e8re vue. Non seulement les configurations r\u00e9seau, mais aussi les param\u00e8tres IP, les droits d'acc\u00e8s et m\u00eame les donn\u00e9es sensibles de l'entreprise peuvent \u00eatre stock\u00e9s dans ce mat\u00e9riel. Et vous ne voulez pas que ces donn\u00e9es soient visibles en dehors de votre organisation.<\/p>\n\n                                            <\/div>\n\n                    <div class=\"block-holder\">\n                                                    <div class=\"blocks\">\n                                                                                                            <div class=\"column\">\n                                                                                            <div class=\"block\">\n                                                    <div class=\"inner\">\n                                                        <h3>1. L'application<\/h3>\n<p>Signalez par courriel ou par t\u00e9l\u00e9phone que vous souhaitez que les appareils soient collect\u00e9s ou restitu\u00e9s.<\/p>\n                                                                                                            <\/div>\n                                                <\/div>\n                                                                                            <div class=\"block\">\n                                                    <div class=\"inner\">\n                                                        <h3>2. Collecte ou livraison<\/h3>\n<p>Nous venons chercher les appareils \u00e0 votre convenance. Il est \u00e9galement possible de se faire livrer soi-m\u00eame. Pour les grandes quantit\u00e9s, nous utilisons un transport s\u00e9curis\u00e9.<\/p>\n                                                                                                            <\/div>\n                                                <\/div>\n                                                                                    <\/div>\n                                                                                                                                                <div class=\"column\">\n                                                                                            <div class=\"block\">\n                                                    <div class=\"inner\">\n                                                        <h3>3. Enregistrement et traitement<\/h3>\n<p>\u00c0 l'arriv\u00e9e, nous enregistrons les appareils. Les appareils en \u00e9tat de marche sont pr\u00e9par\u00e9s en vue de leur r\u00e9utilisation. Nous traitons les appareils d\u00e9fectueux dans le respect de l'environnement.<\/p>\n                                                                                                            <\/div>\n                                                <\/div>\n                                                                                            <div class=\"block\">\n                                                    <div class=\"inner\">\n                                                        <h3>4.  Destruction des donn\u00e9es<\/h3>\n<p>Nous supprimons toutes les donn\u00e9es en toute s\u00e9curit\u00e9, soit par logiciel, soit par destruction physique. Vous recevez toujours un certificat de destruction des donn\u00e9es.<\/p>\n                                                                                                            <\/div>\n                                                <\/div>\n                                                                                            <div class=\"block\">\n                                                    <div class=\"inner\">\n                                                        <h3>5. Rapports et preuves<\/h3>\n<p>Vous obtiendrez une vue d'ensemble de tous les appareils remis et de ce qu'il est advenu de chacun d'eux.<\/p>\n                                                                                                            <\/div>\n                                                <\/div>\n                                                                                    <\/div>\n                                                                                                <\/div>\n                                            <\/div>\n                <\/div>\n            <\/div>\n        <\/div>\n    \n\n        <div  class=\"section section-content has-no-bg has-no-pattern\">\n                        <div class=\"container\">\n                <div class=\"content-holder\">\n                    <div class=\"content\">\n                        <div class=\"inner\">\n                            <h2>Voici comment nous traitons vos donn\u00e9es<\/h2>\n<p>Chez Reuzado, vous avez le choix entre deux m\u00e9thodes de destruction des \u00e9quipements de r\u00e9seau. Toutes deux sont s\u00fbres, certifi\u00e9es et fournissent une preuve officielle que vous pouvez utiliser \u00e0 l'\u00e9gard des auditeurs ou dans le cadre de votre politique de conformit\u00e9.<\/p>\n                                                                                                                <\/div>\n                    <\/div>\n                <\/div>\n            <\/div>\n        <\/div>\n\n    \n\n        <div  class=\"section section-content two-columns has-no-padding-bottom-d has-no-padding-bottom-m has-no-bg has-no-pattern\">\n            <div class=\"container\">\n                <div class=\"content-holder\">\n                                            <div class=\"column\">\n                            <div class=\"content\">\n                                <h3>Destruction sur place<\/h3>\n<p>Nous venons chez vous avec notre camion de broyage mobile. L'\u00e9quipement est d\u00e9mantel\u00e9 sur place : les circuits imprim\u00e9s sont d\u00e9tach\u00e9s du bo\u00eetier et passent directement dans le broyeur sous votre supervision. Ce processus est 100% transparent et id\u00e9al pour les organisations qui ne veulent prendre aucun risque lors du transport d'\u00e9quipements sensibles.<\/p>\n<p>Le d\u00e9montage des commutateurs, routeurs ou pare-feu Cisco n\u00e9cessitant une main-d'\u0153uvre importante, le co\u00fbt de ce service est l\u00e9g\u00e8rement plus \u00e9lev\u00e9, mais vous b\u00e9n\u00e9ficiez en contrepartie d'un contr\u00f4le et d'une s\u00e9curit\u00e9 maximums.<\/p>\n                            <\/div>\n                        <\/div>\n                                        <div class=\"column\">\n                        <div class=\"content\">\n                            <h3>Service de collecte avec destruction dans notre entrep\u00f4t s\u00e9curis\u00e9<\/h3>\n<p>Vous pr\u00e9f\u00e9rez que nous r\u00e9cup\u00e9rions le mat\u00e9riel ? Dans ce cas, nous organisons le transport et proc\u00e9dons \u00e0 la destruction dans notre propre centre de traitement certifi\u00e9. L\u00e0 aussi, les bo\u00eetiers sont retir\u00e9s et les circuits imprim\u00e9s d\u00e9truits physiquement \u00e0 l'aide de broyeurs industriels. Vous recevrez ensuite tous les documents et certificats n\u00e9cessaires.<\/p>\n                                                    <\/div>\n                    <\/div>\n                <\/div>\n            <\/div>\n        <\/div>\n\n    \n\n        <div  class=\"section section-content two-columns has-no-bg has-no-pattern\">\n            <div class=\"container\">\n                <div class=\"content-holder\">\n                                            <div class=\"column\">\n                            <div class=\"content\">\n                                <h4>Destruction des donn\u00e9es sur les \u00e9quipements de r\u00e9seau<\/h4>\n<p>Outre la destruction physique, nous proposons \u00e9galement la destruction logicielle des donn\u00e9es sur les \u00e9quipements de r\u00e9seau. Cette solution est particuli\u00e8rement adapt\u00e9e aux mod\u00e8les plus r\u00e9cents ou aux \u00e9quipements que vous souhaitez revendre ou que vous avez rachet\u00e9s. Dans ce cas, tous les param\u00e8tres et toutes les donn\u00e9es sont enti\u00e8rement \u00e9cras\u00e9s \u00e0 l'aide d'un logiciel d'effacement de donn\u00e9es certifi\u00e9. Ensuite, l'\u00e9quipement est enti\u00e8rement r\u00e9initialis\u00e9 aux param\u00e8tres d'usine, y compris la preuve de l'effacement s\u00e9curis\u00e9 des donn\u00e9es.<\/p>\n                            <\/div>\n                        <\/div>\n                                        <div class=\"column\">\n                        <div class=\"content\">\n                            <h4>Pourquoi il ne faut jamais se contenter de recycler les \u00e9quipements de r\u00e9seau<\/h4>\n<p>Les \u00e9quipements de r\u00e9seau contiennent g\u00e9n\u00e9ralement des m\u00e9moires flash ou d'autres modules de stockage qui conservent les configurations et les donn\u00e9es utilisateur. M\u00eame apr\u00e8s une r\u00e9initialisation, ces donn\u00e9es peuvent parfois \u00eatre r\u00e9cup\u00e9r\u00e9es, ce qui comporte des risques.<\/p>\n<p>Une \u00e9tude men\u00e9e par l'entreprise de s\u00e9curit\u00e9 ESET a montr\u00e9 que les routeurs et les commutateurs qui ne sont pas soigneusement nettoy\u00e9s peuvent r\u00e9v\u00e9ler des informations sensibles entre de mauvaises mains. Pensez aux tunnels VPN, aux donn\u00e9es des administrateurs ou aux droits d'acc\u00e8s au sein de votre r\u00e9seau d'entreprise. Il est donc essentiel que ces \u00e9quipements soient d\u00e9truits de mani\u00e8re professionnelle et d\u00e9montrable.<\/p>\n                                                    <\/div>\n                    <\/div>\n                <\/div>\n            <\/div>\n        <\/div>\n\n    \n\n    <div  class=\"section section-images-slider has-no-bg has-no-pattern\">\n        \n                    <div class=\"slider-container\">\n                <div class=\"slider-track\">\n                                            <div class=\"slide\">\n                            <img decoding=\"async\" src=\"https:\/\/reuzado.nl\/app\/uploads\/2025\/06\/Reuzado-9570-scaled.jpg\" alt=\"\">\n                        <\/div>\n                                            <div class=\"slide\">\n                            <img decoding=\"async\" src=\"https:\/\/reuzado.nl\/app\/uploads\/2025\/06\/Reuzado-9564-scaled.jpg\" alt=\"Recyclage des t\u00e9l\u00e9phones\">\n                        <\/div>\n                                            <div class=\"slide\">\n                            <img decoding=\"async\" src=\"https:\/\/reuzado.nl\/app\/uploads\/2025\/06\/Reuzado-9503-scaled.jpg\" alt=\"\">\n                        <\/div>\n                                            <div class=\"slide\">\n                            <img decoding=\"async\" src=\"https:\/\/reuzado.nl\/app\/uploads\/2025\/06\/Reuzado-9597-scaled.jpg\" alt=\"acheter des ordinateurs\">\n                        <\/div>\n                                            <div class=\"slide\">\n                            <img decoding=\"async\" src=\"https:\/\/reuzado.nl\/app\/uploads\/2025\/06\/Reuzado-9648-scaled.jpg\" alt=\"\">\n                        <\/div>\n                                            <div class=\"slide\">\n                            <img decoding=\"async\" src=\"https:\/\/reuzado.nl\/app\/uploads\/2025\/06\/Reuzado-9677-scaled.jpg\" alt=\"\">\n                        <\/div>\n                                    <\/div>\n            <\/div>\n            <\/div>\n\n\n    <div  class=\"section section-faq  has-no-bg has-no-pattern\">\n        \n        <div class=\"container\">\n                        <div class=\"faq-wrapper\">\n                <div class=\"faq\">\n                                                                        <div class=\"faq-title\">\n                                <h2>Questions fr\u00e9quemment pos\u00e9es sur la destruction des \u00e9quipements de r\u00e9seau<\/h2>\n                            <\/div>\n                                            \n                                            <div class=\"faq-items-wrapper\">\n                                                            <div class=\"faq-item\">\n                                    <div class=\"faq-heading toggle-heading\">\n                                        <h3>Quel type de mat\u00e9riel informatique pouvez-vous d\u00e9truire ?<\/h3>\n                                        <i class=\"icon opened\"><\/i>\n                                    <\/div>\n                                    <div class=\"faq-body toggle-body is-opened\">\n                                        <p>Nous traitons tous les types d'\u00e9quipements informatiques : des \u00e9quipements de r\u00e9seau tels que les commutateurs et les routeurs aux composants individuels tels que les disques durs et les serveurs. Nous pouvons \u00e9galement nous d\u00e9barrasser d'environnements informatiques complets en une seule fois.<\/p>\n                                    <\/div>\n                                <\/div>\n                                                            <div class=\"faq-item\">\n                                    <div class=\"faq-heading toggle-heading\">\n                                        <h3>Comment la destruction de donn\u00e9es fonctionne-t-elle pour vous ?<\/h3>\n                                        <i class=\"icon closed\"><\/i>\n                                    <\/div>\n                                    <div class=\"faq-body toggle-body hidden\">\n                                        <p>Nous proc\u00e9dons \u00e0 la destruction des donn\u00e9es par effacement certifi\u00e9 ou par destruction physique. En fonction du type d'appareil, nous choisissons la m\u00e9thode ad\u00e9quate. Tout est consign\u00e9 dans un rapport, y compris les num\u00e9ros de s\u00e9rie et la m\u00e9thode de traitement.<\/p>\n                                    <\/div>\n                                <\/div>\n                                                            <div class=\"faq-item\">\n                                    <div class=\"faq-heading toggle-heading\">\n                                        <h3>Puis-je \u00e9galement faire d\u00e9truire uniquement les disques durs ?<\/h3>\n                                        <i class=\"icon closed\"><\/i>\n                                    <\/div>\n                                    <div class=\"faq-body toggle-body hidden\">\n                                        <p>Oui, la destruction de disques durs est un service tr\u00e8s demand\u00e9. Vous pouvez nous remettre les disques en vrac ou les faire collecter. Nous nous chargeons de la destruction compl\u00e8te des donn\u00e9es et vous recevez un certificat \u00e0 titre de preuve.<\/p>\n                                    <\/div>\n                                <\/div>\n                                                            <div class=\"faq-item\">\n                                    <div class=\"faq-heading toggle-heading\">\n                                        <h3>Qu'advient-il des \u00e9quipements de r\u00e9seau apr\u00e8s la destruction des donn\u00e9es ?<\/h3>\n                                        <i class=\"icon closed\"><\/i>\n                                    <\/div>\n                                    <div class=\"faq-body toggle-body hidden\">\n                                        <p>Nous faisons en sorte que les \u00e9quipements qui fonctionnent encore puissent \u00eatre r\u00e9utilis\u00e9s. Les \u00e9quipements d\u00e9fectueux ou obsol\u00e8tes sont recycl\u00e9s dans le respect de l'environnement. Dans tous les cas, les donn\u00e9es sont d'abord enti\u00e8rement supprim\u00e9es ou d\u00e9truites.<\/p>\n                                    <\/div>\n                                <\/div>\n                                                            <div class=\"faq-item\">\n                                    <div class=\"faq-heading toggle-heading\">\n                                        <h3>Comment puis-je \u00eatre s\u00fbr que tout est vraiment d\u00e9truit ?<\/h3>\n                                        <i class=\"icon closed\"><\/i>\n                                    <\/div>\n                                    <div class=\"faq-body toggle-body hidden\">\n                                        <p>Vous recevrez ensuite un aper\u00e7u de tous les \u00e9quipements informatiques retourn\u00e9s, y compris la m\u00e9thode de destruction des donn\u00e9es utilis\u00e9e. Dans le cas des disques durs, vous recevrez un certificat de destruction s\u00e9par\u00e9.<\/p>\n                                    <\/div>\n                                <\/div>\n                                                            <div class=\"faq-item\">\n                                    <div class=\"faq-heading toggle-heading\">\n                                        <h3>Quel est le co\u00fbt de la destruction d'un disque dur ou du traitement d'un \u00e9quipement informatique ?<\/h3>\n                                        <i class=\"icon closed\"><\/i>\n                                    <\/div>\n                                    <div class=\"faq-body toggle-body hidden\">\n                                        <p>Le prix d\u00e9pend du nombre d'appareils, de la m\u00e9thode souhait\u00e9e (effacement ou destruction physique) et de l'enl\u00e8vement sur place. N'h\u00e9sitez pas \u00e0 demander un devis, nous serons heureux de r\u00e9fl\u00e9chir avec vous.<\/p>\n                                    <\/div>\n                                <\/div>\n                                                            <div class=\"faq-item\">\n                                    <div class=\"faq-heading toggle-heading\">\n                                        <h3>Le mat\u00e9riel peut-il \u00e9galement \u00eatre r\u00e9cup\u00e9r\u00e9 chez moi ?<\/h3>\n                                        <i class=\"icon closed\"><\/i>\n                                    <\/div>\n                                    <div class=\"faq-body toggle-body hidden\">\n                                        <p>C'est s\u00fbr. Nous venons chercher le mat\u00e9riel informatique \u00e0 votre convenance. Pour les grandes quantit\u00e9s, nous utilisons un transport s\u00e9curis\u00e9. La livraison par vos soins est bien s\u00fbr \u00e9galement possible.<\/p>\n                                    <\/div>\n                                <\/div>\n                                                    <\/div>\n                                    <\/div>\n            <\/div>\n        <\/div>\n    <\/div>","protected":false},"excerpt":{"rendered":"","protected":false},"author":3,"featured_media":0,"parent":432,"menu_order":0,"comment_status":"closed","ping_status":"closed","template":"","meta":{"_acf_changed":false,"footnotes":""},"class_list":["post-811","page","type-page","status-publish","hentry"],"acf":[],"_links":{"self":[{"href":"https:\/\/reuzado.nl\/fr\/wp-json\/wp\/v2\/pages\/811","targetHints":{"allow":["GET"]}}],"collection":[{"href":"https:\/\/reuzado.nl\/fr\/wp-json\/wp\/v2\/pages"}],"about":[{"href":"https:\/\/reuzado.nl\/fr\/wp-json\/wp\/v2\/types\/page"}],"author":[{"embeddable":true,"href":"https:\/\/reuzado.nl\/fr\/wp-json\/wp\/v2\/users\/3"}],"replies":[{"embeddable":true,"href":"https:\/\/reuzado.nl\/fr\/wp-json\/wp\/v2\/comments?post=811"}],"version-history":[{"count":0,"href":"https:\/\/reuzado.nl\/fr\/wp-json\/wp\/v2\/pages\/811\/revisions"}],"up":[{"embeddable":true,"href":"https:\/\/reuzado.nl\/fr\/wp-json\/wp\/v2\/pages\/432"}],"wp:attachment":[{"href":"https:\/\/reuzado.nl\/fr\/wp-json\/wp\/v2\/media?parent=811"}],"curies":[{"name":"wp","href":"https:\/\/api.w.org\/{rel}","templated":true}]}}