{"id":822,"date":"2025-05-14T10:02:22","date_gmt":"2025-05-14T10:02:22","guid":{"rendered":"https:\/\/reuzado.nl\/?page_id=822"},"modified":"2026-03-16T15:52:02","modified_gmt":"2026-03-16T15:52:02","slug":"acheter-des-telephones","status":"publish","type":"page","link":"https:\/\/reuzado.nl\/fr\/services-de-solutions\/ventes-de-tic\/acheter-des-telephones\/","title":{"rendered":"Achat de t\u00e9l\u00e9phones"},"content":{"rendered":"<div  class=\"section section-pageheader-detail  has-no-bg has-no-pattern\">\n        <div class=\"container\">\n            <div class=\"holder\">\n                                    <div class=\"background-image\">\n                        <img decoding=\"async\" src=\"https:\/\/reuzado.nl\/app\/uploads\/2025\/09\/Telefoons_3.jpg\" alt=\"Achat de t\u00e9l\u00e9phones\">\n                    <\/div>\n                \n                                    <div class=\"content\">\n                        <h1>Achat de t\u00e9l\u00e9phones<\/h1>\n\n                                                    <div class=\"rank-math-breadcrumbs\">\n                                <nav aria-label=\"chapelure\" class=\"rank-math-breadcrumb\"><p><span class=\"last\">Accueil<\/span><\/p><\/nav>                            <\/div>\n                                            <\/div>\n                \n                            <\/div>\n        <\/div>\n    <\/div>\n\n\n        <div  class=\"section section-content has-no-bg has-no-pattern\">\n                        <div class=\"container\">\n                <div class=\"content-holder\">\n                    <div class=\"content\">\n                        <div class=\"inner\">\n                            <p>Vous avez des smartphones ou des tablettes qui tra\u00eenent et qui ne sont plus utilis\u00e9s ? Chez Reuzado, nous reprenons vos vieux t\u00e9l\u00e9phones de mani\u00e8re s\u00fbre, durable et efficace. Qu'il s'agisse de quelques appareils ou d'un grand nombre de mobiles d'entreprise, nous garantissons un traitement professionnel et une valeur r\u00e9siduelle maximale.<\/p>\n<p>Les vieux t\u00e9l\u00e9phones peuvent encore \u00eatre \u00e9tonnamment rentables. Surtout si vous les associez \u00e0 une suppression certifi\u00e9e des donn\u00e9es et \u00e0 un traitement logistique sans faille, comme nous le proposons. Vous vous d\u00e9barrassez ainsi de vos vieux appareils en toute s\u00e9curit\u00e9 et gardez la main sur vos donn\u00e9es sensibles.<\/p>\n                                                                                                <div class=\"button-holder\">\n                                                                                    <a href=\"https:\/\/reuzado.nl\/fr\/cotation\/vendre-votre-ancien-materiel\/\"\n                                                target=\"_self\"\n                                                class=\"button\">Demande de devis<\/a>\n                                                                                                                            <a href=\"https:\/\/reuzado.nl\/fr\/contact\/\"\n                                                target=\"_self\"\n                                                class=\"button alt\">Prendre contact<\/a>\n                                                                                                                    <\/div>\n                                                                                    <\/div>\n                    <\/div>\n                <\/div>\n            <\/div>\n        <\/div>\n\n    \n\n        <div  class=\"section section-block-cards has-bg-lightblue has-pattern-blue\">\n            \n            <div class=\"container\">\n                <div class=\"holder\">\n                    <div class=\"content-holder\">\n                        <p><strong>Achat de t\u00e9l\u00e9phones<\/strong><\/p>\n<h2>Vous vendez vos t\u00e9l\u00e9phones pour votre entreprise ? Voici comment cela fonctionne chez Reuzado<\/h2>\n<p>Notre service est con\u00e7u pour les organisations qui souhaitent se d\u00e9barrasser avec soin de leur \u00e9quipement mobile. En cinq \u00e9tapes claires, nous organisons l'ensemble du processus :<\/p>\n\n                                            <\/div>\n\n                    <div class=\"block-holder\">\n                                                    <div class=\"blocks\">\n                                                                                                            <div class=\"column\">\n                                                                                            <div class=\"block\">\n                                                    <div class=\"inner\">\n                                                        <h3>1. Enregistrement et pr\u00e9sentation de l'appareil<\/h3>\n<p><span style=\"font-weight: 400\">Vous nous envoyez une liste du nombre d'appareils, des marques et des types. Sur la base de cette liste, nous \u00e9tablissons sans engagement une estimation du rendement.<\/span><\/p>\n                                                                                                            <\/div>\n                                                <\/div>\n                                                                                            <div class=\"block\">\n                                                    <div class=\"inner\">\n                                                        <h3>2. Collecte et transport s\u00e9curis\u00e9<\/h3>\n<p><span style=\"font-weight: 400\">Nos chauffeurs viendront chercher les t\u00e9l\u00e9phones chez vous, \u00e0 votre convenance. Pour les quantit\u00e9s plus importantes, nous assurons le transport sous scell\u00e9s, le suivi et l'emballage de protection si n\u00e9cessaire.<\/span><\/p>\n                                                                                                            <\/div>\n                                                <\/div>\n                                                                                    <\/div>\n                                                                                                                                                <div class=\"column\">\n                                                                                            <div class=\"block\">\n                                                    <div class=\"inner\">\n                                                        <h3>3. Effacement et\/ou destruction de donn\u00e9es<\/h3>\n<p><span style=\"font-weight: 400\">Nous effa\u00e7ons les appareils de mani\u00e8re logicielle avec Blancco ou nous supprimons les supports de donn\u00e9es physiques. Chaque appareil re\u00e7oit son propre enregistrement et certificat d'effacement de donn\u00e9es.<\/span><\/p>\n                                                                                                            <\/div>\n                                                <\/div>\n                                                                                            <div class=\"block\">\n                                                    <div class=\"inner\">\n                                                        <h3>4. Contr\u00f4le de la qualit\u00e9 et r\u00e9utilisation<\/h3>\n<p><span style=\"font-weight: 400\">Les appareils qui fonctionnent encore correctement sont r\u00e9utilis\u00e9s apr\u00e8s un contr\u00f4le technique. Les appareils d\u00e9fectueux sont recycl\u00e9s dans le respect de l'environnement.<\/span><\/p>\n                                                                                                            <\/div>\n                                                <\/div>\n                                                                                            <div class=\"block\">\n                                                    <div class=\"inner\">\n                                                        <h3>5. Aper\u00e7u des rapports et des rendements<\/h3>\n<p><span style=\"font-weight: 400\">Vous recevrez de notre part un rapport complet indiquant les num\u00e9ros de s\u00e9rie, les m\u00e9thodes d'effacement et, le cas \u00e9ch\u00e9ant, un remboursement bas\u00e9 sur la valeur r\u00e9siduelle.<\/span><\/p>\n                                                                                                            <\/div>\n                                                <\/div>\n                                                                                    <\/div>\n                                                                                                <\/div>\n                                            <\/div>\n                <\/div>\n            <\/div>\n        <\/div>\n    \n\n        <div  class=\"section section-content has-no-padding-bottom-d has-no-padding-bottom-m has-no-bg has-no-pattern\">\n                        <div class=\"container\">\n                <div class=\"content-holder\">\n                    <div class=\"content\">\n                        <div class=\"inner\">\n                            <p><strong>Achat de t\u00e9l\u00e9phones<\/strong><\/p>\n<h2>Quels appareils mobiles achetons-nous ?<\/h2>\n<p>Nous prenons en charge pratiquement tous les appareils mobiles professionnels, y compris :<\/p>\n<ul>\n<li>Smartphones (iPhone, Samsung, appareils Android, etc.)<\/li>\n<li>Tablettes (iPad, Galaxy Tab, Lenovo, etc.).<\/li>\n<li>Dispositifs robustes ou scanners avec fonction SIM<\/li>\n<li>T\u00e9l\u00e9phones professionnels avec logiciel MDM ou cryptage<\/li>\n<li>Les appareils endommag\u00e9s par l'utilisateur ou sans chargeur sont \u00e9galement les bienvenus.<\/li>\n<\/ul>\n<p>Vous vous demandez si vos t\u00e9l\u00e9phones ont encore de la valeur ? Vous vous demandez si vos t\u00e9l\u00e9phones ont encore de la valeur ? Envoyez-nous un courriel ou appelez-nous - nous serons heureux de vous aider.<\/p>\n                                                                                                                <\/div>\n                    <\/div>\n                <\/div>\n            <\/div>\n        <\/div>\n\n    \n\n        <div  class=\"section section-content two-columns has-no-bg has-no-pattern\">\n            <div class=\"container\">\n                <div class=\"content-holder\">\n                                            <div class=\"column\">\n                            <div class=\"content\">\n                                <h3>La s\u00e9curit\u00e9 des donn\u00e9es est primordiale<\/h3>\n<p>Un vieux t\u00e9l\u00e9phone contient souvent plus d'informations qu'on ne le pense : courriels, contacts, photos, applications et fichiers de configuration. C'est pourquoi nous veillons \u00e0 ce qu'aucun appareil ne quitte nos locaux sans que les donn\u00e9es aient \u00e9t\u00e9 supprim\u00e9es ou d\u00e9truites.<\/p>\n<p>Reuzado est un partenaire certifi\u00e9 de Blancco Gold. Nous nettoyons les t\u00e9l\u00e9phones selon les normes les plus strictes. Les appareils ne sont plus amor\u00e7ables ? Dans ce cas, nous proc\u00e9dons \u00e0 la destruction physique des donn\u00e9es et vous recevrez un certificat par num\u00e9ro de s\u00e9rie - \u00e0 l'\u00e9preuve d'AVG et pr\u00eat pour les audits.<\/p>\n                            <\/div>\n                        <\/div>\n                                        <div class=\"column\">\n                        <div class=\"content\">\n                            <h3>\u00c9limination durable des \u00e9quipements mobiles<\/h3>\n<p>Outre la s\u00e9curit\u00e9 des donn\u00e9es, nous accordons une grande attention \u00e0 un traitement respectueux de l'environnement. Les appareils susceptibles d'avoir une seconde vie sont remis \u00e0 neuf et r\u00e9utilis\u00e9s. Les appareils qui ne sont plus utilisables sont confi\u00e9s \u00e0 un transformateur agr\u00e9\u00e9 conform\u00e9ment \u00e0 la l\u00e9gislation europ\u00e9enne. <a href=\"https:\/\/www.weeelabex.org\/\" target=\"_blank\" rel=\"noopener\">WEEELABEX<\/a>-Les lignes directrices de l'Union europ\u00e9enne. Cela permet d'\u00e9viter les d\u00e9chets \u00e9lectroniques et de contribuer \u00e0 l'informatique circulaire.<\/p>\n                                                    <\/div>\n                    <\/div>\n                <\/div>\n            <\/div>\n        <\/div>\n\n    \n\n    <div\n                class=\"section section-card-slider has-no-bg has-no-pattern is-slider\">\n        <div class=\"holder\">\n                            <div class=\"background-image\">\n                    <img decoding=\"async\" src=\"https:\/\/reuzado.nl\/app\/uploads\/2025\/09\/Reuzado-hoge-resolutie-JudithCapponFotografie-7669.jpg\" alt=\"\">\n                <\/div>\n            \n                            <div class=\"text-holder\">\n                    <p><strong>Achat de t\u00e9l\u00e9phones<\/strong><\/p>\n<h4>Pourquoi faire racheter vos t\u00e9l\u00e9phones professionnels ?<\/h4>\n                <\/div>\n            \n                            <div class=\"card-holder swiper\">\n                    <div class=\"swiper-wrapper\">\n                                                    <div class=\"swiper-slide\">\n                                <div class=\"card usp\">\n                                                                            <div class=\"icon\">\n                                            <div class=\"icon-wrapper\">\n                                                <i class=\"fa-classic fa-solid fa-check\"><\/i>\n                                            <\/div>\n                                        <\/div>\n                                    \n                                                                            <div class=\"inner\">\n                                            <p><strong>Moins d'encombrement dans l'entrep\u00f4t<\/strong><\/p>\n                                        <\/div>\n                                                                    <\/div>\n                            <\/div>\n                                                    <div class=\"swiper-slide\">\n                                <div class=\"card usp\">\n                                                                            <div class=\"icon\">\n                                            <div class=\"icon-wrapper\">\n                                                <i class=\"fa-classic fa-solid fa-check\"><\/i>\n                                            <\/div>\n                                        <\/div>\n                                    \n                                                                            <div class=\"inner\">\n                                            <p><strong>Valeur r\u00e9siduelle \u00e0 r\u00e9investir<\/strong><\/p>\n                                        <\/div>\n                                                                    <\/div>\n                            <\/div>\n                                                    <div class=\"swiper-slide\">\n                                <div class=\"card usp\">\n                                                                            <div class=\"icon\">\n                                            <div class=\"icon-wrapper\">\n                                                <i class=\"fa-classic fa-solid fa-check\"><\/i>\n                                            <\/div>\n                                        <\/div>\n                                    \n                                                                            <div class=\"inner\">\n                                            <p><strong>Aucun risque pour les donn\u00e9es gr\u00e2ce aux certificats<\/strong><\/p>\n                                        <\/div>\n                                                                    <\/div>\n                            <\/div>\n                                                    <div class=\"swiper-slide\">\n                                <div class=\"card usp\">\n                                                                            <div class=\"icon\">\n                                            <div class=\"icon-wrapper\">\n                                                <i class=\"fa-classic fa-solid fa-check\"><\/i>\n                                            <\/div>\n                                        <\/div>\n                                    \n                                                                            <div class=\"inner\">\n                                            <p><strong>\u00c9limination durable des t\u00e9l\u00e9phones usag\u00e9s<\/strong><\/p>\n                                        <\/div>\n                                                                    <\/div>\n                            <\/div>\n                                                    <div class=\"swiper-slide\">\n                                <div class=\"card usp\">\n                                                                            <div class=\"icon\">\n                                            <div class=\"icon-wrapper\">\n                                                <i class=\"fa-classic fa-solid fa-check\"><\/i>\n                                            <\/div>\n                                        <\/div>\n                                    \n                                                                            <div class=\"inner\">\n                                            <p><strong>Tout est organis\u00e9 par un point de contact unique<\/strong><\/p>\n                                        <\/div>\n                                                                    <\/div>\n                            <\/div>\n                                            <\/div>\n                    <div class=\"swiper-actions\">\n                        <div class=\"swiper-button-prev\"><\/div>\n                        <div class=\"swiper-button-next\"><\/div>\n                    <\/div>\n                <\/div>\n                    <\/div>\n\n\n    <\/div>\n\n\n    <div  class=\"section section-faq  has-no-padding-top-d has-no-padding-top-m has-no-bg has-no-pattern\">\n        \n        <div class=\"container\">\n                        <div class=\"faq-wrapper\">\n                <div class=\"faq\">\n                                                                        <div class=\"faq-title\">\n                                <h2>Questions fr\u00e9quemment pos\u00e9es sur l'achat de t\u00e9l\u00e9phones<\/h2>\n                            <\/div>\n                                            \n                                            <div class=\"faq-items-wrapper\">\n                                                            <div class=\"faq-item\">\n                                    <div class=\"faq-heading toggle-heading\">\n                                        <h3>Puis-je rendre mon ancien iPhone \u00e0 Reuzado ?<\/h3>\n                                        <i class=\"icon opened\"><\/i>\n                                    <\/div>\n                                    <div class=\"faq-body toggle-body is-opened\">\n                                        <p>Oui, vous pouvez nous confier votre ancien iPhone, ainsi que d'autres marques de smartphones. Nous \u00e9valuons chaque appareil en fonction du mod\u00e8le, de l'\u00e9tat et du fonctionnement. Les iPhones en \u00e9tat de marche ont souvent une valeur r\u00e9siduelle int\u00e9ressante, mais nous reprenons \u00e9galement les appareils d\u00e9fectueux pour les traiter de mani\u00e8re responsable.<\/p>\n                                    <\/div>\n                                <\/div>\n                                                            <div class=\"faq-item\">\n                                    <div class=\"faq-heading toggle-heading\">\n                                        <h3>Comment cela fonctionne-t-il si je veux rendre plusieurs t\u00e9l\u00e9phones ?<\/h3>\n                                        <i class=\"icon closed\"><\/i>\n                                    <\/div>\n                                    <div class=\"faq-body toggle-body hidden\">\n                                        <p>Vous pouvez nous remettre plusieurs t\u00e9l\u00e9phones \u00e0 la fois, qu'il s'agisse d'une poign\u00e9e d'appareils ou de centaines de t\u00e9l\u00e9phones portables professionnels. Nous les collectons aupr\u00e8s de vous, supprimons les donn\u00e9es et fournissons des rapports et des certificats.<\/p>\n                                    <\/div>\n                                <\/div>\n                                                            <div class=\"faq-item\">\n                                    <div class=\"faq-heading toggle-heading\">\n                                        <h3>Qu'advient-il des vieux t\u00e9l\u00e9phones portables qui ne fonctionnent plus ?<\/h3>\n                                        <i class=\"icon closed\"><\/i>\n                                    <\/div>\n                                    <div class=\"faq-body toggle-body hidden\">\n                                        <p>Les vieux t\u00e9l\u00e9phones portables qui ne fonctionnent plus sont recycl\u00e9s de mani\u00e8re durable. Si des pi\u00e8ces sont encore utilisables (comme les \u00e9crans ou les bo\u00eetiers), nous les r\u00e9cup\u00e9rons pour les r\u00e9utiliser. Le reste est trait\u00e9 conform\u00e9ment \u00e0 la norme WEEELABEX.<\/p>\n                                    <\/div>\n                                <\/div>\n                                                            <div class=\"faq-item\">\n                                    <div class=\"faq-heading toggle-heading\">\n                                        <h3>Les t\u00e9l\u00e9phones doivent-ils \u00eatre compl\u00e8tement vides au retour ?<\/h3>\n                                        <i class=\"icon closed\"><\/i>\n                                    <\/div>\n                                    <div class=\"faq-body toggle-body hidden\">\n                                        <p>Non, ce n'est pas n\u00e9cessaire. Nous assurons une destruction certifi\u00e9e des donn\u00e9es, que le t\u00e9l\u00e9phone soit encore en \u00e9tat de marche ou non. Vous recevrez un certificat de destruction des donn\u00e9es en toute s\u00e9curit\u00e9 pour chaque appareil.<\/p>\n                                    <\/div>\n                                <\/div>\n                                                            <div class=\"faq-item\">\n                                    <div class=\"faq-heading toggle-heading\">\n                                        <h3>Puis-je \u00e9galement soumettre des tablettes ou des appareils robustes ?<\/h3>\n                                        <i class=\"icon closed\"><\/i>\n                                    <\/div>\n                                    <div class=\"faq-body toggle-body hidden\">\n                                        <p>Bien s\u00fbr. Les tablettes professionnelles, les scanners et les t\u00e9l\u00e9phones robustes avec fonction SIM sont \u00e9galement couverts par notre service d'achat.<\/p>\n                                    <\/div>\n                                <\/div>\n                                                            <div class=\"faq-item\">\n                                    <div class=\"faq-heading toggle-heading\">\n                                        <h3>Dans quel d\u00e9lai serai-je inform\u00e9 de la valeur r\u00e9siduelle ?<\/h3>\n                                        <i class=\"icon closed\"><\/i>\n                                    <\/div>\n                                    <div class=\"faq-body toggle-body hidden\">\n                                        <p>Apr\u00e8s r\u00e9ception de vos appareils, vous recevrez, dans un d\u00e9lai de quelques jours ouvrables, un relev\u00e9 d'\u00e9valuation comprenant les rapports et les certificats.<\/p>\n                                    <\/div>\n                                <\/div>\n                                                    <\/div>\n                                    <\/div>\n            <\/div>\n        <\/div>\n    <\/div>\n\n\n    <div  class=\"section section-cta has-small-image has-no-padding-bottom-d has-no-padding-bottom-m has-no-bg has-no-pattern\">\n        \n        <div class=\"holder\">\n            <div class=\"container\">\n                <div class=\"cta-holder\">\n                                            <div class=\"image-holder\">\n                            <img decoding=\"async\" src=\"https:\/\/reuzado.nl\/app\/uploads\/2026\/03\/CTA-Tim.png\" alt=\"\">\n                        <\/div>\n                                        <div class=\"content-holder\">\n                        <div class=\"inner\">\n                            <p>Vous voulez savoir quels produits conviennent le mieux \u00e0 votre entreprise ?<\/p>\n<p>Contactez alors nos conseillers. Vous pouvez les joindre via <a href=\"mailto:info@reuzado.nl\">info@reuzado.nl<\/a> ou via <a href=\"tel:+31(0)235519821\">+31 (0)23 551 98 21<\/a>. Ou remplissez le formulaire de contact.<\/p>\n                                                            <div class=\"button-holder\">\n                                    \n                                                                            <a href=\"https:\/\/reuzado.nl\/fr\/contact\/\" target=\"_self\" class=\"button alt\">Prendre contact<\/a>\n                                                                    <\/div>\n                                                    <\/div>\n                    <\/div>\n                <\/div>\n            <\/div>\n        <\/div>\n\n                    <div class=\"background-image\">\n                <img decoding=\"async\" src=\"https:\/\/reuzado.nl\/app\/uploads\/2025\/06\/Reuzado-9377-scaled.jpg\" alt=\"\">\n            <\/div>\n            <\/div>","protected":false},"excerpt":{"rendered":"","protected":false},"author":1,"featured_media":0,"parent":434,"menu_order":0,"comment_status":"closed","ping_status":"closed","template":"","meta":{"_acf_changed":false,"footnotes":""},"class_list":["post-822","page","type-page","status-publish","hentry"],"acf":[],"_links":{"self":[{"href":"https:\/\/reuzado.nl\/fr\/wp-json\/wp\/v2\/pages\/822","targetHints":{"allow":["GET"]}}],"collection":[{"href":"https:\/\/reuzado.nl\/fr\/wp-json\/wp\/v2\/pages"}],"about":[{"href":"https:\/\/reuzado.nl\/fr\/wp-json\/wp\/v2\/types\/page"}],"author":[{"embeddable":true,"href":"https:\/\/reuzado.nl\/fr\/wp-json\/wp\/v2\/users\/1"}],"replies":[{"embeddable":true,"href":"https:\/\/reuzado.nl\/fr\/wp-json\/wp\/v2\/comments?post=822"}],"version-history":[{"count":0,"href":"https:\/\/reuzado.nl\/fr\/wp-json\/wp\/v2\/pages\/822\/revisions"}],"up":[{"embeddable":true,"href":"https:\/\/reuzado.nl\/fr\/wp-json\/wp\/v2\/pages\/434"}],"wp:attachment":[{"href":"https:\/\/reuzado.nl\/fr\/wp-json\/wp\/v2\/media?parent=822"}],"curies":[{"name":"wp","href":"https:\/\/api.w.org\/{rel}","templated":true}]}}