{"id":864,"date":"2025-05-14T10:18:57","date_gmt":"2025-05-14T10:18:57","guid":{"rendered":"https:\/\/reuzado.nl\/?page_id=864"},"modified":"2025-08-01T14:10:57","modified_gmt":"2025-08-01T14:10:57","slug":"recyclage-des-telephones","status":"publish","type":"page","link":"https:\/\/reuzado.nl\/fr\/services-de-solutions\/approvisionnement-en-tic\/recyclage-des-telephones\/","title":{"rendered":"Recyclage des t\u00e9l\u00e9phones"},"content":{"rendered":"<div  class=\"section section-pageheader-detail  has-no-bg has-no-pattern\">\n        <div class=\"container\">\n            <div class=\"holder\">\n                                    <div class=\"background-image\">\n                        <img decoding=\"async\" src=\"https:\/\/reuzado.nl\/app\/uploads\/2025\/06\/Reuzado-9564-scaled.jpg\" alt=\"Recyclage des t\u00e9l\u00e9phones\">\n                    <\/div>\n                \n                                    <div class=\"content\">\n                        <h1>Recyclage des t\u00e9l\u00e9phones<\/h1>\n\n                                                    <div class=\"rank-math-breadcrumbs\">\n                                <nav aria-label=\"chapelure\" class=\"rank-math-breadcrumb\"><p><span class=\"last\">Accueil<\/span><\/p><\/nav>                            <\/div>\n                                            <\/div>\n                \n                            <\/div>\n        <\/div>\n    <\/div>\n\n\n        <div  class=\"section section-block-cards has-no-bg has-pattern-blue\">\n            \n            <div class=\"container\">\n                <div class=\"holder\">\n                    <div class=\"content-holder\">\n                        <h2>Recyclage des t\u00e9l\u00e9phones : le processus<\/h2>\n<p>Les t\u00e9l\u00e9phones portables contiennent des mat\u00e9riaux pr\u00e9cieux et des donn\u00e9es sensibles pour la vie priv\u00e9e. Les jeter n'est pas seulement mauvais pour l'environnement, mais comporte \u00e9galement des risques. Pensez aux donn\u00e9es laiss\u00e9es dans l'appareil ou aux batteries qui ne doivent pas \u00eatre jet\u00e9es avec les d\u00e9chets normaux.<\/p>\n\n                                            <\/div>\n\n                    <div class=\"block-holder\">\n                                                    <div class=\"blocks\">\n                                                                                                            <div class=\"column\">\n                                                                                            <div class=\"block\">\n                                                    <div class=\"inner\">\n                                                        <h3>1.  L'application<\/h3>\n<p>Signalez par courrier ou par t\u00e9l\u00e9phone que vous souhaitez que les vieux t\u00e9l\u00e9phones soient collect\u00e9s ou remis.<\/p>\n                                                                                                            <\/div>\n                                                <\/div>\n                                                                                            <div class=\"block\">\n                                                    <div class=\"inner\">\n                                                        <h3>2. Collecte ou livraison<\/h3>\n<p>Nous venons chercher les appareils \u00e0 votre convenance. Il est \u00e9galement possible de se faire livrer soi-m\u00eame. Pour les grandes quantit\u00e9s, nous utilisons un transport s\u00e9curis\u00e9.<\/p>\n                                                                                                            <\/div>\n                                                <\/div>\n                                                                                    <\/div>\n                                                                                                                                                <div class=\"column\">\n                                                                                            <div class=\"block\">\n                                                    <div class=\"inner\">\n                                                        <h3>Enregistrement et traitement<\/h3>\n<p>\u00c0 l'arriv\u00e9e, nous enregistrons les appareils. Les appareils en \u00e9tat de marche sont pr\u00e9par\u00e9s pour \u00eatre r\u00e9utilis\u00e9s, les t\u00e9l\u00e9phones d\u00e9fectueux sont trait\u00e9s dans le respect de l'environnement.<\/p>\n                                                                                                            <\/div>\n                                                <\/div>\n                                                                                            <div class=\"block\">\n                                                    <div class=\"inner\">\n                                                        <h3>4. Effacer ou d\u00e9truire des donn\u00e9es<\/h3>\n<p>Nous supprimons toutes les donn\u00e9es en toute s\u00e9curit\u00e9 : soit par logiciel, soit par destruction physique. Vous recevrez un certificat de destruction des donn\u00e9es.<\/p>\n                                                                                                            <\/div>\n                                                <\/div>\n                                                                                            <div class=\"block\">\n                                                    <div class=\"inner\">\n                                                        <h3>5. Rapports et preuves<\/h3>\n<p>Vous obtiendrez une vue d'ensemble de tous les t\u00e9l\u00e9phones remis et de ce qu'il est advenu de chacun d'entre eux.<\/p>\n                                                                                                            <\/div>\n                                                <\/div>\n                                                                                    <\/div>\n                                                                                                <\/div>\n                                            <\/div>\n                <\/div>\n            <\/div>\n        <\/div>\n    \n\n        <div  class=\"section section-content has-no-padding-top-d has-no-padding-top-m has-no-bg has-no-pattern\">\n                        <div class=\"container\">\n                <div class=\"content-holder\">\n                    <div class=\"content\">\n                        <div class=\"inner\">\n                            <h2>Destruction des donn\u00e9es lors du recyclage des t\u00e9l\u00e9phones<\/h2>\n<p>Les vieux t\u00e9l\u00e9phones contiennent souvent plus de donn\u00e9es qu'on ne le pense : contacts, photos, courriels, historique des conversations et documents. Nous veillons \u00e0 ce que tout soit irr\u00e9m\u00e9diablement effac\u00e9, d'une mani\u00e8re qui corresponde \u00e0 vos besoins et \u00e0 la sensibilit\u00e9 des donn\u00e9es.<\/p>\n<p>Vous avez le choix :<\/p>\n<ul>\n<li>Destruction par logiciel<\/li>\n<li>Destruction physique<\/li>\n<\/ul>\n                                                                                                                <\/div>\n                    <\/div>\n                <\/div>\n            <\/div>\n        <\/div>\n\n    \n\n        <div  class=\"section section-content two-columns has-bg-lightblue has-no-pattern\">\n            <div class=\"container\">\n                <div class=\"content-holder\">\n                                            <div class=\"column\">\n                            <div class=\"content\">\n                                <h3>Destruction par logiciel<\/h3>\n<p>Le t\u00e9l\u00e9phone est-il encore en \u00e9tat de marche ? Dans ce cas, nous pouvons effacer les donn\u00e9es de mani\u00e8re s\u00fbre et permanente \u00e0 l'aide d'un logiciel certifi\u00e9. Pour ce faire, nous utilisons des outils professionnels qui \u00e9crasent d\u00e9finitivement toutes les donn\u00e9es, rendant toute r\u00e9cup\u00e9ration impossible. Cette m\u00e9thode est id\u00e9ale si le t\u00e9l\u00e9phone est encore r\u00e9utilisable.<\/p>\n<p>Nous utilisons <strong>Logiciel Blancco<\/strong> - mondialement reconnu dans le domaine de la destruction de donn\u00e9es. Blancco r\u00e9pond aux normes internationales et est recommand\u00e9 par l'OTAN, le TUV, l'ANSSI et l'AIVD, entre autres. Vous recevez ensuite un rapport avec les num\u00e9ros de s\u00e9rie et un certificat officiel comme preuve de la destruction des donn\u00e9es.<\/p>\n                            <\/div>\n                        <\/div>\n                                        <div class=\"column\">\n                        <div class=\"content\">\n                            <h3>Destruction physique<\/h3>\n<p>Le t\u00e9l\u00e9phone est endommag\u00e9, inutilisable ou contient des informations tr\u00e8s sensibles ? Dans ce cas, nous assurons la destruction physique du stockage interne. La puce est broy\u00e9e \u00e0 l'aide d'une d\u00e9chiqueteuse industrielle, ce qui d\u00e9truit les donn\u00e9es de mani\u00e8re permanente et irr\u00e9m\u00e9diable.<\/p>\n<p>Nous effectuons cette destruction physique des donn\u00e9es dans nos installations s\u00e9curis\u00e9es, mais elle peut \u00e9galement \u00eatre r\u00e9alis\u00e9e sur place. Il s'agit d'un choix fiable, en particulier pour les organisations ayant des exigences \u00e9lev\u00e9es en mati\u00e8re de protection de la vie priv\u00e9e ou des obligations de conformit\u00e9. Bien entendu, vous recevrez \u00e9galement un certificat de destruction comme preuve concluante.<\/p>\n                                                    <\/div>\n                    <\/div>\n                <\/div>\n            <\/div>\n        <\/div>\n\n    \n\n        <div  class=\"section section-content text-columns has-indentation has-no-padding-top-d has-no-padding-top-m has-bg-lightblue has-no-pattern\">\n            <div class=\"container\">\n                <div class=\"content-holder\">\n                                        <div class=\"column-holder\">\n                        <div class=\"column\">\n                            <div class=\"content\">\n                                <h4>Pourquoi des t\u00e9l\u00e9phones s\u00e9par\u00e9s ?<br \/>\ndoit \u00eatre d\u00e9mantel\u00e9<\/h4>\n<p>Chaque t\u00e9l\u00e9phone portable contient des composants qui n\u00e9cessitent une attention particuli\u00e8re avant que nous puissions le recycler de mani\u00e8re s\u00fbre et respectueuse de l'environnement. L'un des plus importants est la batterie, souvent au lithium. Selon les directives de WEEELABEX, ces batteries doivent d'abord \u00eatre retir\u00e9es du t\u00e9l\u00e9phone, car elles peuvent pr\u00e9senter un risque d'incendie. En particulier si elles sont endommag\u00e9es ou court-circuit\u00e9es \u00e0 l'int\u00e9rieur, elles risquent de s'enflammer spontan\u00e9ment.<\/p>\n<p>Il n'est pas toujours facile de retirer la batterie, en particulier dans les appareils tels que les iPhones, o\u00f9 le composant est solidement int\u00e9gr\u00e9. Chez nous, les piles au lithium sont donc soigneusement retir\u00e9es des appareils et stock\u00e9es s\u00e9par\u00e9ment dans un environnement \u00e0 l'\u00e9preuve du feu, conform\u00e9ment \u00e0 toutes les r\u00e9glementations en mati\u00e8re de s\u00e9curit\u00e9.<\/p>\n<p>L'\u00e9cran du t\u00e9l\u00e9phone doit \u00e9galement faire l'objet d'un traitement particulier. La plupart des \u00e9crans contiennent du mercure, une substance nocive pour l'homme et l'environnement. Les \u00e9crans de plus de 10 centim\u00e8tres carr\u00e9s doivent donc \u00eatre retir\u00e9s de l'appareil, conform\u00e9ment \u00e0 la r\u00e9glementation, avant que le processus de recyclage ne puisse se poursuivre.<\/p>\n<p>Ce n'est qu'apr\u00e8s avoir soigneusement retir\u00e9 la batterie et l'\u00e9cran que le reste de l'appareil peut \u00eatre trait\u00e9. Nous veillons ainsi \u00e0 ce que chaque \u00e9l\u00e9ment du t\u00e9l\u00e9phone soit \u00e9limin\u00e9 correctement, de mani\u00e8re s\u00fbre, responsable et conforme \u00e0 la loi.<\/p>\n<p>&nbsp;<\/p>\n                                                            <\/div>\n                        <\/div>\n                        <div class=\"column\">\n                            <div class=\"content\">\n                                <h4>Nous achetons vos vieilles<br \/>\nt\u00e9l\u00e9phones sur<\/h4>\n<p>Vous souhaitez vendre vos anciens t\u00e9l\u00e9phones ? Contactez-nous \u00e0 l'adresse opkoop@reuzado.nl ou appelez le 023 5519821. Nous discuterons ensemble du nombre de t\u00e9l\u00e9phones que vous poss\u00e9dez, de leur type et de leur \u00e9tat. Nous coordonnerons \u00e9galement la logistique avec vous. Sur cette base, nous vous ferons une offre conforme au march\u00e9, claire et sans surprise. Vous pouvez venir chercher vos appareils quand bon vous semble, m\u00eame en dehors des heures de bureau.<\/p>\n                                                                    <div class=\"button-holder\">\n                                                                                    <a href=\"https:\/\/reuzado.nl\/fr\/contact\/\"\n                                                target=\"_self\"\n                                                class=\"button\">Prendre contact<\/a>\n                                                                                                                    <\/div>\n                                                            <\/div>\n                        <\/div>\n                    <\/div>\n                <\/div>\n            <\/div>\n        <\/div>\n    \n\n    <div  class=\"section section-images-slider has-no-padding-top-d has-no-padding-bottom-d has-no-padding-top-m has-no-padding-bottom-m has-no-bg has-no-pattern\">\n        \n                    <div class=\"slider-container\">\n                <div class=\"slider-track\">\n                                            <div class=\"slide\">\n                            <img decoding=\"async\" src=\"https:\/\/reuzado.nl\/app\/uploads\/2025\/06\/Reuzado-9270-scaled.jpg\" alt=\"\">\n                        <\/div>\n                                            <div class=\"slide\">\n                            <img decoding=\"async\" src=\"https:\/\/reuzado.nl\/app\/uploads\/2025\/06\/Reuzado-9167-scaled.jpg\" alt=\"\">\n                        <\/div>\n                                            <div class=\"slide\">\n                            <img decoding=\"async\" src=\"https:\/\/reuzado.nl\/app\/uploads\/2025\/06\/Reuzado-9091-scaled.jpg\" alt=\"\">\n                        <\/div>\n                                            <div class=\"slide\">\n                            <img decoding=\"async\" src=\"https:\/\/reuzado.nl\/app\/uploads\/2025\/06\/Reuzado-9696-scaled.jpg\" alt=\"\">\n                        <\/div>\n                                            <div class=\"slide\">\n                            <img decoding=\"async\" src=\"https:\/\/reuzado.nl\/app\/uploads\/2025\/06\/Reuzado-9710-scaled.jpg\" alt=\"\">\n                        <\/div>\n                                            <div class=\"slide\">\n                            <img decoding=\"async\" src=\"https:\/\/reuzado.nl\/app\/uploads\/2025\/06\/Reuzado-9597-scaled.jpg\" alt=\"acheter des ordinateurs\">\n                        <\/div>\n                                    <\/div>\n            <\/div>\n            <\/div>\n\n\n    <div  class=\"section section-faq  has-no-bg has-no-pattern\">\n        \n        <div class=\"container\">\n                        <div class=\"faq-wrapper\">\n                <div class=\"faq\">\n                                                                        <div class=\"faq-title\">\n                                <h2>Questions fr\u00e9quemment pos\u00e9es sur le recyclage des t\u00e9l\u00e9phones<\/h2>\n                            <\/div>\n                                            \n                                            <div class=\"faq-items-wrapper\">\n                                                            <div class=\"faq-item\">\n                                    <div class=\"faq-heading toggle-heading\">\n                                        <h3>Quels types de t\u00e9l\u00e9phones peuvent \u00eatre recycl\u00e9s ?<\/h3>\n                                        <i class=\"icon opened\"><\/i>\n                                    <\/div>\n                                    <div class=\"faq-body toggle-body is-opened\">\n                                        <p>Nous assurons le recyclage de t\u00e9l\u00e9phones de toutes formes et tailles : des smartphones aux mod\u00e8les d'entreprise, en passant par les appareils cass\u00e9s ou incomplets. Vous pouvez \u00e9galement nous remettre votre ancien t\u00e9l\u00e9phone portable. Les accessoires tels que les chargeurs ou les \u00e9couteurs peuvent \u00e9galement \u00eatre inclus.<\/p>\n                                    <\/div>\n                                <\/div>\n                                                            <div class=\"faq-item\">\n                                    <div class=\"faq-heading toggle-heading\">\n                                        <h3>Puis-je \u00e9galement remettre mon ancien t\u00e9l\u00e9phone \u00e0 titre individuel ?<\/h3>\n                                        <i class=\"icon closed\"><\/i>\n                                    <\/div>\n                                    <div class=\"faq-body toggle-body hidden\">\n                                        <p>C'est s\u00fbr ! Nous pouvons recycler les t\u00e9l\u00e9phones portables aussi bien pour les entreprises que pour les particuliers. Contactez-nous pour discuter de vos options de recyclage de t\u00e9l\u00e9phones portables.<\/p>\n                                    <\/div>\n                                <\/div>\n                                                            <div class=\"faq-item\">\n                                    <div class=\"faq-heading toggle-heading\">\n                                        <h3>Qu'advient-il de mes donn\u00e9es sur le t\u00e9l\u00e9phone ?<\/h3>\n                                        <i class=\"icon closed\"><\/i>\n                                    <\/div>\n                                    <div class=\"faq-body toggle-body hidden\">\n                                        <p>Nous assurons une destruction professionnelle des donn\u00e9es. Elle peut se faire de mani\u00e8re logicielle avec des outils certifi\u00e9s tels que Blancco ou de mani\u00e8re physique, par exemple en d\u00e9truisant la puce de stockage ou le disque dur. Vous recevez toujours un certificat officiel de destruction.<\/p>\n                                    <\/div>\n                                <\/div>\n                                                            <div class=\"faq-item\">\n                                    <div class=\"faq-heading toggle-heading\">\n                                        <h3>Le recyclage des t\u00e9l\u00e9phones est-il gratuit ?<\/h3>\n                                        <i class=\"icon closed\"><\/i>\n                                    <\/div>\n                                    <div class=\"faq-body toggle-body hidden\">\n                                        <p>Dans de nombreux cas, le recyclage des t\u00e9l\u00e9phones est gratuit, en particulier pour les grandes quantit\u00e9s ou si les appareils ont encore une valeur r\u00e9siduelle. Nous convenons toujours \u00e0 l'avance des co\u00fbts \u00e9ventuels avec vous.<\/p>\n                                    <\/div>\n                                <\/div>\n                                                            <div class=\"faq-item\">\n                                    <div class=\"faq-heading toggle-heading\">\n                                        <h3>Dans quel d\u00e9lai pouvez-vous r\u00e9cup\u00e9rer les t\u00e9l\u00e9phones ?<\/h3>\n                                        <i class=\"icon closed\"><\/i>\n                                    <\/div>\n                                    <div class=\"faq-body toggle-body hidden\">\n                                        <p>Nous r\u00e9cup\u00e9rons souvent les appareils dans un d\u00e9lai de quelques jours ouvrables. L'enl\u00e8vement en dehors des heures de bureau est \u00e9galement possible apr\u00e8s accord.<\/p>\n                                    <\/div>\n                                <\/div>\n                                                            <div class=\"faq-item\">\n                                    <div class=\"faq-heading toggle-heading\">\n                                        <h3>Que se passe-t-il apr\u00e8s le recyclage du t\u00e9l\u00e9phone ?<\/h3>\n                                        <i class=\"icon closed\"><\/i>\n                                    <\/div>\n                                    <div class=\"faq-body toggle-body hidden\">\n                                        <p>Les t\u00e9l\u00e9phones ou les pi\u00e8ces r\u00e9utilisables ont une seconde vie. Les appareils d\u00e9fectueux ou obsol\u00e8tes sont trait\u00e9s dans le respect de l'environnement, conform\u00e9ment aux directives de WEEELABEX. Au cours du processus, les mat\u00e9riaux pr\u00e9cieux sont r\u00e9cup\u00e9r\u00e9s et les substances nocives sont \u00e9limin\u00e9es en toute s\u00e9curit\u00e9.<\/p>\n                                    <\/div>\n                                <\/div>\n                                                            <div class=\"faq-item\">\n                                    <div class=\"faq-heading toggle-heading\">\n                                        <h3>Dois-je retirer moi-m\u00eame la batterie du t\u00e9l\u00e9phone ?<\/h3>\n                                        <i class=\"icon closed\"><\/i>\n                                    <\/div>\n                                    <div class=\"faq-body toggle-body hidden\">\n                                        <p>Non, ce n'est pas n\u00e9cessaire. Nous d\u00e9montons les appareils de mani\u00e8re s\u00fbre et responsable. Ce faisant, nous retirons les batteries, les \u00e9crans et les autres pi\u00e8ces conform\u00e9ment aux normes de s\u00e9curit\u00e9 et d'environnement en vigueur.<\/p>\n                                    <\/div>\n                                <\/div>\n                                                    <\/div>\n                                    <\/div>\n            <\/div>\n        <\/div>\n    <\/div>","protected":false},"excerpt":{"rendered":"","protected":false},"author":3,"featured_media":0,"parent":432,"menu_order":0,"comment_status":"closed","ping_status":"closed","template":"","meta":{"_acf_changed":false,"footnotes":""},"class_list":["post-864","page","type-page","status-publish","hentry"],"acf":[],"_links":{"self":[{"href":"https:\/\/reuzado.nl\/fr\/wp-json\/wp\/v2\/pages\/864","targetHints":{"allow":["GET"]}}],"collection":[{"href":"https:\/\/reuzado.nl\/fr\/wp-json\/wp\/v2\/pages"}],"about":[{"href":"https:\/\/reuzado.nl\/fr\/wp-json\/wp\/v2\/types\/page"}],"author":[{"embeddable":true,"href":"https:\/\/reuzado.nl\/fr\/wp-json\/wp\/v2\/users\/3"}],"replies":[{"embeddable":true,"href":"https:\/\/reuzado.nl\/fr\/wp-json\/wp\/v2\/comments?post=864"}],"version-history":[{"count":0,"href":"https:\/\/reuzado.nl\/fr\/wp-json\/wp\/v2\/pages\/864\/revisions"}],"up":[{"embeddable":true,"href":"https:\/\/reuzado.nl\/fr\/wp-json\/wp\/v2\/pages\/432"}],"wp:attachment":[{"href":"https:\/\/reuzado.nl\/fr\/wp-json\/wp\/v2\/media?parent=864"}],"curies":[{"name":"wp","href":"https:\/\/api.w.org\/{rel}","templated":true}]}}