{"id":898,"date":"2025-05-14T10:29:31","date_gmt":"2025-05-14T10:29:31","guid":{"rendered":"https:\/\/reuzado.nl\/?page_id=898"},"modified":"2025-08-01T14:07:28","modified_gmt":"2025-08-01T14:07:28","slug":"recyclage-des-donnees","status":"publish","type":"page","link":"https:\/\/reuzado.nl\/fr\/services-de-solutions\/approvisionnement-en-tic\/it-recyclage\/recyclage-des-donnees\/","title":{"rendered":"Recyclage des donn\u00e9es"},"content":{"rendered":"<div  class=\"section section-pageheader-detail  has-no-bg has-no-pattern\">\n        <div class=\"container\">\n            <div class=\"holder\">\n                                    <div class=\"background-image\">\n                        <img decoding=\"async\" src=\"https:\/\/reuzado.nl\/app\/uploads\/2025\/06\/Reuzado-9270-scaled.jpg\" alt=\"\">\n                    <\/div>\n                \n                                    <div class=\"content\">\n                        <h1>Recyclage des donn\u00e9es<\/h1>\n\n                                                    <div class=\"rank-math-breadcrumbs\">\n                                <nav aria-label=\"chapelure\" class=\"rank-math-breadcrumb\"><p><span class=\"last\">Accueil<\/span><\/p><\/nav>                            <\/div>\n                                            <\/div>\n                \n                            <\/div>\n        <\/div>\n    <\/div>\n\n\n        <div  class=\"section section-content has-no-padding-bottom-d has-no-padding-bottom-m has-no-bg has-no-pattern\">\n                        <div class=\"container\">\n                <div class=\"content-holder\">\n                    <div class=\"content\">\n                        <div class=\"inner\">\n                            <p>Disques durs, serveurs ou autres supports de donn\u00e9es mis au rebut ? Chez Reuzado, nous proposons un recyclage de donn\u00e9es s\u00e9curis\u00e9 et certifi\u00e9. Que vous ayez quelques vieux ordinateurs portables ou que vous vidiez une salle de serveurs : nous traitons vos supports de donn\u00e9es de mani\u00e8re responsable et dans le respect des normes de s\u00e9curit\u00e9 les plus strictes.<\/p>\n<p>La destruction certifi\u00e9e des donn\u00e9es est toujours au c\u0153ur de cette d\u00e9marche. Vous recevez un rapport clair et un certificat de destruction officiel - vous pouvez donc \u00eatre s\u00fbr que vos donn\u00e9es sont en s\u00e9curit\u00e9.<\/p>\n                                                                                                <div class=\"button-holder\">\n                                                                                    <a href=\"https:\/\/reuzado.nl\/fr\/demander-un-devis\/\"\n                                                target=\"_self\"\n                                                class=\"button\">Demande de devis<\/a>\n                                                                                                                            <a href=\"https:\/\/reuzado.nl\/fr\/contact\/\"\n                                                target=\"_self\"\n                                                class=\"button\">Prendre contact<\/a>\n                                                                                                                    <\/div>\n                                                                                    <\/div>\n                    <\/div>\n                <\/div>\n            <\/div>\n        <\/div>\n\n    \n\n        <div  class=\"section section-block-cards has-bg-lightblue has-pattern-blue\">\n            \n            <div class=\"container\">\n                <div class=\"holder\">\n                    <div class=\"content-holder\">\n                        <h2>Recyclage des donn\u00e9es : comment fonctionne le processus de recyclage ?<\/h2>\n<p>Les donn\u00e9es sont souvent stock\u00e9es pendant des ann\u00e9es sur toutes sortes de dispositifs : disques durs, disques SSD, bandes, serveurs, ordinateurs portables, cl\u00e9s USB. M\u00eame si un appareil cesse de fonctionner, des traces d'informations sensibles peuvent encore \u00eatre pr\u00e9sentes. Les jeter n'est donc pas une option.<\/p>\n<p>Le recyclage des donn\u00e9es permet d'\u00e9viter que ces informations ne tombent entre de mauvaises mains et garantit un traitement durable des mat\u00e9riaux contenus dans votre ancien mat\u00e9riel. Qu'il s'agisse de donn\u00e9es personnelles, de fichiers clients ou de documents commerciaux, nous veillons \u00e0 ce que tout soit recycl\u00e9.<\/p>\n\n                                            <\/div>\n\n                    <div class=\"block-holder\">\n                                                    <div class=\"blocks\">\n                                                                                                            <div class=\"column\">\n                                                                                            <div class=\"block\">\n                                                    <div class=\"inner\">\n                                                        <h3>1. Enregistrement de votre \u00e9quipement<\/h3>\n<p>Il vous suffit de sp\u00e9cifier les supports de donn\u00e9es que vous souhaitez traiter. Pensez aux disques durs internes et externes, aux ordinateurs portables, aux serveurs, aux disques SSD ou aux syst\u00e8mes NAS. Nous discuterons de vos besoins et nous nous mettrons d'accord clairement \u00e0 l'avance.<\/p>\n                                                                                                            <\/div>\n                                                <\/div>\n                                                                                            <div class=\"block\">\n                                                    <div class=\"inner\">\n                                                        <h3>2. Collecte par transport s\u00e9curis\u00e9<\/h3>\n<p>Nous r\u00e9cup\u00e9rons le mat\u00e9riel \u00e0 votre convenance, en toute discr\u00e9tion et en toute s\u00e9curit\u00e9. Pour les volumes plus importants, nous utilisons des moyens de transport s\u00e9curis\u00e9s. L'auto-livraison est bien s\u00fbr \u00e9galement possible.<\/p>\n                                                                                                            <\/div>\n                                                <\/div>\n                                                                                    <\/div>\n                                                                                                                                                <div class=\"column\">\n                                                                                            <div class=\"block\">\n                                                    <div class=\"inner\">\n                                                        <h3>3. Enregistrement et traitement<\/h3>\n<p>\u00c0 l'arriv\u00e9e, nous enregistrons chaque article et lions les num\u00e9ros de s\u00e9rie \u00e0 l'itin\u00e9raire de traitement. Les \u00e9quipements en \u00e9tat de marche sont \u00e9valu\u00e9s en vue de leur r\u00e9utilisation, tandis que les appareils d\u00e9fectueux sont imm\u00e9diatement programm\u00e9s pour le recyclage.<\/p>\n                                                                                                            <\/div>\n                                                <\/div>\n                                                                                            <div class=\"block\">\n                                                    <div class=\"inner\">\n                                                        <h3>4. Destruction compl\u00e8te des donn\u00e9es<\/h3>\n<p>En fonction de vos pr\u00e9f\u00e9rences et du type de stockage, nous supprimons les donn\u00e9es soit par logiciel, soit par destruction physique. Dans les deux cas, vous recevrez un certificat de destruction des donn\u00e9es.<\/p>\n                                                                                                            <\/div>\n                                                <\/div>\n                                                                                            <div class=\"block\">\n                                                    <div class=\"inner\">\n                                                        <h3>5. Rapports et preuves<\/h3>\n<p>Vous recevrez ensuite un certificat officiel de destruction de notre part. Ce certificat mentionne \u00e9galement les num\u00e9ros de s\u00e9rie, pour une transparence totale.<\/p>\n                                                                                                            <\/div>\n                                                <\/div>\n                                                                                    <\/div>\n                                                                                                <\/div>\n                                            <\/div>\n                <\/div>\n            <\/div>\n        <\/div>\n    \n\n    <div         class=\"section section-image-content has-no-padding-top-d has-no-padding-top-m has-no-bg has-no-pattern has-image-left\">\n        <div class=\"holder\">\n                            <div class=\"image-holder\">\n                                            <div class=\"column\">\n                            <div class=\"image-wrapper\">\n                                <img decoding=\"async\" src=\"https:\/\/reuzado.nl\/app\/uploads\/2025\/06\/Reuzado-9468-scaled.jpg\" alt=\"\">\n                            <\/div>\n                        <\/div>\n                                        <div class=\"column\">\n                                                    <div class=\"image-wrapper\">\n                                <img decoding=\"async\" src=\"https:\/\/reuzado.nl\/app\/uploads\/2025\/06\/Reuzado-9710-scaled.jpg\" alt=\"\">\n                            <\/div>\n                                                                            <div class=\"image-wrapper\">\n                                <img decoding=\"async\" src=\"https:\/\/reuzado.nl\/app\/uploads\/2025\/06\/Reuzado-9701-scaled.jpg\" alt=\"rachat de cisco\">\n                            <\/div>\n                                            <\/div>\n                                            <div class=\"column\">\n                            <div class=\"image-wrapper\">\n                                <img decoding=\"async\" src=\"https:\/\/reuzado.nl\/app\/uploads\/2025\/06\/Reuzado-9677-scaled.jpg\" alt=\"\">\n                            <\/div>\n                        <\/div>\n                                    <\/div>\n                <div class=\"image-holder-mobile\">\n\n                                            <div class=\"column\">\n                            <div class=\"image-wrapper\">\n                                <img decoding=\"async\" src=\"https:\/\/reuzado.nl\/app\/uploads\/2025\/06\/Reuzado-9468-scaled.jpg\" alt=\"\">\n                            <\/div>\n                        <\/div>\n                                        <div class=\"column\">\n                                                    <div class=\"image-wrapper\">\n                                <img decoding=\"async\" src=\"https:\/\/reuzado.nl\/app\/uploads\/2025\/06\/Reuzado-9710-scaled.jpg\" alt=\"\">\n                            <\/div>\n                                                                            <div class=\"image-wrapper\">\n                                <img decoding=\"async\" src=\"https:\/\/reuzado.nl\/app\/uploads\/2025\/06\/Reuzado-9701-scaled.jpg\" alt=\"rachat de cisco\">\n                            <\/div>\n                                            <\/div>\n                                            <div class=\"column\">\n                            <div class=\"image-wrapper\">\n                                <img decoding=\"async\" src=\"https:\/\/reuzado.nl\/app\/uploads\/2025\/06\/Reuzado-9677-scaled.jpg\" alt=\"\">\n                            <\/div>\n                            <div class=\"image-wrapper is-blue\">\n                            <\/div>\n                        <\/div>\n                                    <\/div>\n                        <div class=\"content-holder\">\n                <div class=\"inner\">\n                                            <h2>Destruction des donn\u00e9es dans le cadre du recyclage des donn\u00e9es<\/h2>\n<p>Les donn\u00e9es sont souvent cach\u00e9es dans plus d'endroits que vous ne le pensez - dans des sauvegardes, des fichiers cache, des dossiers supprim\u00e9s ou des secteurs cach\u00e9s sur un disque. C'est pourquoi nous traitons chaque support de donn\u00e9es avec le plus grand soin. Notre destruction de donn\u00e9es est certifi\u00e9e et enti\u00e8rement conforme aux directives d'AVG et aux normes internationales.<\/p>\n                    \n                                    <\/div>\n            <\/div>\n        <\/div>\n    <\/div>\n\n\n        <div  class=\"section section-content two-columns has-no-bg has-no-pattern\">\n            <div class=\"container\">\n                <div class=\"content-holder\">\n                                            <div class=\"column\">\n                            <div class=\"content\">\n                                <h3>Destruction des donn\u00e9es par logiciel<\/h3>\n<p>Lorsqu'un appareil fonctionne encore, nous pouvons supprimer toutes les donn\u00e9es de mani\u00e8re professionnelle \u00e0 l'aide d'un logiciel certifi\u00e9. Pour ce faire, nous utilisons Blancco - leader du march\u00e9 de la suppression des donn\u00e9es et reconnu par l'OTAN, le TUV, l'ANSSI et l'AIVD, entre autres.<\/p>\n<p>Le logiciel \u00e9crase plusieurs fois l'ensemble de la m\u00e9moire, ce qui rend la r\u00e9cup\u00e9ration techniquement impossible. Cette m\u00e9thode est id\u00e9ale si vous souhaitez red\u00e9ployer l'appareil. Vous recevrez ensuite un certificat de suppression des donn\u00e9es et un rapport d\u00e9taill\u00e9 avec les num\u00e9ros de s\u00e9rie.<\/p>\n                            <\/div>\n                        <\/div>\n                                        <div class=\"column\">\n                        <div class=\"content\">\n                            <h3>Destruction physique dans le cas de supports non restaurables<\/h3>\n<p>Si l'appareil est d\u00e9fectueux ou contient des informations tr\u00e8s sensibles, nous optons pour la destruction physique. Il s'agit de broyer le disque dur, le disque SSD ou la bande en petits fragments m\u00e9connaissables \u00e0 l'aide d'une d\u00e9chiqueteuse industrielle.<\/p>\n<p>Cette m\u00e9thode est 100% irr\u00e9versible et se d\u00e9roule dans nos locaux s\u00e9curis\u00e9s ou, si n\u00e9cessaire, sur place. C'est un choix fiable, en particulier pour les \u00e9tablissements de soins de sant\u00e9, les prestataires de services financiers ou les gouvernements. Bien entendu, vous recevrez un certificat de destruction.<\/p>\n                                                    <\/div>\n                    <\/div>\n                <\/div>\n            <\/div>\n        <\/div>\n\n    \n\n    <div  class=\"section section-images-slider has-bg-lightblue has-no-pattern\">\n        \n                    <div class=\"slider-container\">\n                <div class=\"slider-track\">\n                                            <div class=\"slide\">\n                            <img decoding=\"async\" src=\"https:\/\/reuzado.nl\/app\/uploads\/2025\/06\/Reuzado-9564-scaled.jpg\" alt=\"Recyclage des t\u00e9l\u00e9phones\">\n                        <\/div>\n                                            <div class=\"slide\">\n                            <img decoding=\"async\" src=\"https:\/\/reuzado.nl\/app\/uploads\/2025\/06\/Reuzado-9570-scaled.jpg\" alt=\"\">\n                        <\/div>\n                                            <div class=\"slide\">\n                            <img decoding=\"async\" src=\"https:\/\/reuzado.nl\/app\/uploads\/2025\/06\/Reuzado-9597-scaled.jpg\" alt=\"acheter des ordinateurs\">\n                        <\/div>\n                                            <div class=\"slide\">\n                            <img decoding=\"async\" src=\"https:\/\/reuzado.nl\/app\/uploads\/2025\/06\/Reuzado-9701-scaled.jpg\" alt=\"rachat de cisco\">\n                        <\/div>\n                                    <\/div>\n            <\/div>\n            <\/div>\n\n\n        <div  class=\"section section-content two-columns has-no-bg has-no-pattern\">\n            <div class=\"container\">\n                <div class=\"content-holder\">\n                                            <div class=\"column\">\n                            <div class=\"content\">\n                                <h4>G\u00e9rer de mani\u00e8re responsable le stockage d\u00e9pr\u00e9ci\u00e9<\/h4>\n<p>Tous les supports de donn\u00e9es ne doivent pas \u00eatre d\u00e9truits imm\u00e9diatement. Il arrive qu'un appareil soit encore techniquement en bon \u00e9tat. Dans ce cas, nous \u00e9valuons s'il peut \u00eatre r\u00e9utilis\u00e9, par exemple dans le cadre de projets \u00e9ducatifs ou sociaux.<\/p>\n<p>Si la r\u00e9utilisation n'est pas possible, nous traitons l'\u00e9quipement conform\u00e9ment aux normes WEEELABEX. Les mat\u00e9riaux pr\u00e9cieux tels que l'aluminium, le cuivre ou les m\u00e9taux pr\u00e9cieux sont r\u00e9cup\u00e9r\u00e9s. Les substances nocives sont \u00e9limin\u00e9es de mani\u00e8re s\u00fbre et responsable.<\/p>\n                            <\/div>\n                        <\/div>\n                                        <div class=\"column\">\n                        <div class=\"content\">\n                            <h4>Nous achetons vos supports de donn\u00e9es<\/h4>\n<p>Vous avez des lots importants de serveurs, de disques externes ou d'ordinateurs portables d\u00e9pr\u00e9ci\u00e9s avec une valeur r\u00e9siduelle ? Reuzado ach\u00e8te du mat\u00e9riel informatique d'occasion. Vous recevez un prix \u00e9quitable et vous \u00e9conomisez sur vos co\u00fbts de recyclage.<\/p>\n<p>Envoyez une liste \u00e0 opkoop@reuzado.nl ou appelez le 023 5519821. Nous vous ferons rapidement une offre bas\u00e9e sur le march\u00e9 et coordonnerons la logistique avec vous. L'enl\u00e8vement est \u00e9galement possible en dehors des heures de bureau.<\/p>\n                                                            <div class=\"button-holder\">\n                                                                            <a href=\"https:\/\/reuzado.nl\/fr\/contact\/\"\n                                            target=\"_self\"\n                                            class=\"button\">Prendre contact<\/a>\n                                                                                                        <\/div>\n                                                    <\/div>\n                    <\/div>\n                <\/div>\n            <\/div>\n        <\/div>\n\n    \n\n    <div  class=\"section section-faq  has-no-bg has-no-pattern\">\n        \n        <div class=\"container\">\n                        <div class=\"faq-wrapper\">\n                <div class=\"faq\">\n                                                                        <div class=\"faq-title\">\n                                <h2>Questions fr\u00e9quemment pos\u00e9es sur le recyclage des donn\u00e9es<\/h2>\n                            <\/div>\n                                            \n                                            <div class=\"faq-items-wrapper\">\n                                                            <div class=\"faq-item\">\n                                    <div class=\"faq-heading toggle-heading\">\n                                        <h3>Quels sont les appareils qui peuvent faire l'objet d'un recyclage de donn\u00e9es ?<\/h3>\n                                        <i class=\"icon opened\"><\/i>\n                                    <\/div>\n                                    <div class=\"faq-body toggle-body is-opened\">\n                                        <p>Nous recyclons tous les types de dispositifs de stockage : disques durs (HDD et SSD), bandes, ordinateurs portables, smartphones, tablettes, cl\u00e9s USB, cartes m\u00e9moire et, bien s\u00fbr, serveurs. M\u00eame un vieux serveur obsol\u00e8te ou cass\u00e9 peut \u00eatre \u00e9limin\u00e9 en toute s\u00e9curit\u00e9 chez nous.<\/p>\n                                    <\/div>\n                                <\/div>\n                                                            <div class=\"faq-item\">\n                                    <div class=\"faq-heading toggle-heading\">\n                                        <h3>La suppression des donn\u00e9es est-elle obligatoire ?<\/h3>\n                                        <i class=\"icon closed\"><\/i>\n                                    <\/div>\n                                    <div class=\"faq-body toggle-body hidden\">\n                                        <p>Oui. Si vous travaillez avec des donn\u00e9es personnelles ou professionnelles, vous \u00eates l\u00e9galement tenu de les \u00e9liminer en toute s\u00e9curit\u00e9. La s\u00e9curit\u00e9 des donn\u00e9es est essentielle - et gr\u00e2ce \u00e0 notre approche certifi\u00e9e, vous vous conformez \u00e0 la loi AVG et \u00e0 d'autres r\u00e9glementations.<\/p>\n                                    <\/div>\n                                <\/div>\n                                                            <div class=\"faq-item\">\n                                    <div class=\"faq-heading toggle-heading\">\n                                        <h3>Quel est le co\u00fbt du recyclage des donn\u00e9es ?<\/h3>\n                                        <i class=\"icon closed\"><\/i>\n                                    <\/div>\n                                    <div class=\"faq-body toggle-body hidden\">\n                                        <p>Les co\u00fbts d\u00e9pendent du nombre d'appareils, du type de stockage et de la m\u00e9thode choisie (par exemple, destruction logicielle des donn\u00e9es ou destruction physique). Dans de nombreux cas, le recyclage des donn\u00e9es est gratuit si l'\u00e9quipement a encore une valeur r\u00e9siduelle.<\/p>\n                                    <\/div>\n                                <\/div>\n                                                            <div class=\"faq-item\">\n                                    <div class=\"faq-heading toggle-heading\">\n                                        <h3>Puis-je \u00e9galement faire proc\u00e9der \u00e0 la destruction sur place ?<\/h3>\n                                        <i class=\"icon closed\"><\/i>\n                                    <\/div>\n                                    <div class=\"faq-body toggle-body hidden\">\n                                        <p>C'est certain. En particulier pour les donn\u00e9es sensibles ou les gros volumes, il est int\u00e9ressant que la destruction des donn\u00e9es soit effectu\u00e9e sur place. Cela s'applique \u00e9galement aux situations o\u00f9 vous pr\u00e9f\u00e9rez \u00e9viter le transport d'un vieux serveur ou d'un autre support de stockage.<\/p>\n                                    <\/div>\n                                <\/div>\n                                                            <div class=\"faq-item\">\n                                    <div class=\"faq-heading toggle-heading\">\n                                        <h3>Quand pouvez-vous venir ?<\/h3>\n                                        <i class=\"icon closed\"><\/i>\n                                    <\/div>\n                                    <div class=\"faq-body toggle-body hidden\">\n                                        <p>Nous pouvons g\u00e9n\u00e9ralement passer dans un d\u00e9lai de quelques jours ouvrables. Si vous devez vous d\u00e9barrasser d'un grand nombre d'\u00e9quipements ou de d\u00e9chets informatiques, par exemple, nous pouvons \u00e9galement passer en dehors des heures de bureau, \u00e0 l'heure qui vous convient.<\/p>\n                                    <\/div>\n                                <\/div>\n                                                            <div class=\"faq-item\">\n                                    <div class=\"faq-heading toggle-heading\">\n                                        <h3>Recevrai-je une preuve de la destruction ?<\/h3>\n                                        <i class=\"icon closed\"><\/i>\n                                    <\/div>\n                                    <div class=\"faq-body toggle-body hidden\">\n                                        <p>Oui. Vous recevez toujours un certificat de destruction et un rapport clair avec les num\u00e9ros de s\u00e9rie des supports de donn\u00e9es. Vous \u00eates donc parfaitement inform\u00e9 et vous r\u00e9pondez \u00e0 toutes les exigences en mati\u00e8re de s\u00e9curit\u00e9 des donn\u00e9es.<\/p>\n                                    <\/div>\n                                <\/div>\n                                                            <div class=\"faq-item\">\n                                    <div class=\"faq-heading toggle-heading\">\n                                        <h3>Est-il \u00e9galement possible de recycler un serveur ou un syst\u00e8me NAS ?<\/h3>\n                                        <i class=\"icon closed\"><\/i>\n                                    <\/div>\n                                    <div class=\"faq-body toggle-body hidden\">\n                                        <p>Oui, nous pouvons traiter en toute s\u00e9curit\u00e9 n'importe quel type de support de donn\u00e9es ou d'appareil r\u00e9seau, qu'il s'agisse d'un ordinateur portable, d'un NAS ou du recyclage complet d'un serveur. Bien entendu, nous proc\u00e9dons \u00e9galement \u00e0 la destruction compl\u00e8te des donn\u00e9es et \u00e0 une mise au rebut respectueuse de l'environnement.<\/p>\n                                    <\/div>\n                                <\/div>\n                                                    <\/div>\n                                    <\/div>\n            <\/div>\n        <\/div>\n    <\/div>","protected":false},"excerpt":{"rendered":"","protected":false},"author":1,"featured_media":0,"parent":756,"menu_order":0,"comment_status":"closed","ping_status":"closed","template":"","meta":{"_acf_changed":false,"footnotes":""},"class_list":["post-898","page","type-page","status-publish","hentry"],"acf":[],"_links":{"self":[{"href":"https:\/\/reuzado.nl\/fr\/wp-json\/wp\/v2\/pages\/898","targetHints":{"allow":["GET"]}}],"collection":[{"href":"https:\/\/reuzado.nl\/fr\/wp-json\/wp\/v2\/pages"}],"about":[{"href":"https:\/\/reuzado.nl\/fr\/wp-json\/wp\/v2\/types\/page"}],"author":[{"embeddable":true,"href":"https:\/\/reuzado.nl\/fr\/wp-json\/wp\/v2\/users\/1"}],"replies":[{"embeddable":true,"href":"https:\/\/reuzado.nl\/fr\/wp-json\/wp\/v2\/comments?post=898"}],"version-history":[{"count":0,"href":"https:\/\/reuzado.nl\/fr\/wp-json\/wp\/v2\/pages\/898\/revisions"}],"up":[{"embeddable":true,"href":"https:\/\/reuzado.nl\/fr\/wp-json\/wp\/v2\/pages\/756"}],"wp:attachment":[{"href":"https:\/\/reuzado.nl\/fr\/wp-json\/wp\/v2\/media?parent=898"}],"curies":[{"name":"wp","href":"https:\/\/api.w.org\/{rel}","templated":true}]}}